{"id":152,"date":"2023-12-30T17:46:48","date_gmt":"2023-12-30T16:46:48","guid":{"rendered":"https:\/\/www.likeproregio.hu\/?page_id=152"},"modified":"2023-12-30T19:28:18","modified_gmt":"2023-12-30T18:28:18","slug":"seo","status":"publish","type":"page","link":"https:\/\/www.likeproregio.hu\/index.php\/seo\/","title":{"rendered":"SEO"},"content":{"rendered":"\t\t<div data-elementor-type=\"wp-page\" data-elementor-id=\"152\" class=\"elementor elementor-152\">\n\t\t\t\t\t\t\t<div class=\"elementor-element elementor-element-38d9b52 e-flex e-con-boxed e-con e-parent\" data-id=\"38d9b52\" data-element_type=\"container\" data-settings=\"{&quot;content_width&quot;:&quot;boxed&quot;}\" data-core-v316-plus=\"true\">\n\t\t\t\t\t<div class=\"e-con-inner\">\n\t\t\t\t<div class=\"elementor-element elementor-element-8d79e98 elementor-widget elementor-widget-spacer\" data-id=\"8d79e98\" data-element_type=\"widget\" data-widget_type=\"spacer.default\">\n\t\t\t\t<div class=\"elementor-widget-container\">\n\t\t\t<style>\/*! elementor - v3.18.0 - 08-12-2023 *\/\n.elementor-column .elementor-spacer-inner{height:var(--spacer-size)}.e-con{--container-widget-width:100%}.e-con-inner>.elementor-widget-spacer,.e-con>.elementor-widget-spacer{width:var(--container-widget-width,var(--spacer-size));--align-self:var(--container-widget-align-self,initial);--flex-shrink:0}.e-con-inner>.elementor-widget-spacer>.elementor-widget-container,.e-con>.elementor-widget-spacer>.elementor-widget-container{height:100%;width:100%}.e-con-inner>.elementor-widget-spacer>.elementor-widget-container>.elementor-spacer,.e-con>.elementor-widget-spacer>.elementor-widget-container>.elementor-spacer{height:100%}.e-con-inner>.elementor-widget-spacer>.elementor-widget-container>.elementor-spacer>.elementor-spacer-inner,.e-con>.elementor-widget-spacer>.elementor-widget-container>.elementor-spacer>.elementor-spacer-inner{height:var(--container-widget-height,var(--spacer-size))}.e-con-inner>.elementor-widget-spacer.elementor-widget-empty,.e-con>.elementor-widget-spacer.elementor-widget-empty{position:relative;min-height:22px;min-width:22px}.e-con-inner>.elementor-widget-spacer.elementor-widget-empty .elementor-widget-empty-icon,.e-con>.elementor-widget-spacer.elementor-widget-empty .elementor-widget-empty-icon{position:absolute;top:0;bottom:0;left:0;right:0;margin:auto;padding:0;width:22px;height:22px}<\/style>\t\t<div class=\"elementor-spacer\">\n\t\t\t<div class=\"elementor-spacer-inner\"><\/div>\n\t\t<\/div>\n\t\t\t\t<\/div>\n\t\t\t\t<\/div>\n\t\t\t\t\t<\/div>\n\t\t\t\t<\/div>\n\t\t<div class=\"elementor-element elementor-element-0efa893 e-flex e-con-boxed e-con e-parent\" data-id=\"0efa893\" data-element_type=\"container\" data-settings=\"{&quot;content_width&quot;:&quot;boxed&quot;}\" data-core-v316-plus=\"true\">\n\t\t\t\t\t<div class=\"e-con-inner\">\n\t\t\t\t<div class=\"elementor-element elementor-element-9696118 elementor-widget elementor-widget-heading\" data-id=\"9696118\" data-element_type=\"widget\" data-widget_type=\"heading.default\">\n\t\t\t\t<div class=\"elementor-widget-container\">\n\t\t\t<style>\/*! elementor - v3.18.0 - 08-12-2023 *\/\n.elementor-heading-title{padding:0;margin:0;line-height:1}.elementor-widget-heading .elementor-heading-title[class*=elementor-size-]>a{color:inherit;font-size:inherit;line-height:inherit}.elementor-widget-heading .elementor-heading-title.elementor-size-small{font-size:15px}.elementor-widget-heading .elementor-heading-title.elementor-size-medium{font-size:19px}.elementor-widget-heading .elementor-heading-title.elementor-size-large{font-size:29px}.elementor-widget-heading .elementor-heading-title.elementor-size-xl{font-size:39px}.elementor-widget-heading .elementor-heading-title.elementor-size-xxl{font-size:59px}<\/style><h2 class=\"elementor-heading-title elementor-size-default\">SEO (Keres\u0151optimaliz\u00e1ci\u00f3) k\u00e9pz\u00e9s<\/h2>\t\t<\/div>\n\t\t\t\t<\/div>\n\t\t\t\t\t<\/div>\n\t\t\t\t<\/div>\n\t\t<div class=\"elementor-element elementor-element-c6b99ad e-flex e-con-boxed e-con e-parent\" data-id=\"c6b99ad\" data-element_type=\"container\" data-settings=\"{&quot;content_width&quot;:&quot;boxed&quot;}\" data-core-v316-plus=\"true\">\n\t\t\t\t\t<div class=\"e-con-inner\">\n\t\t<div class=\"elementor-element elementor-element-06e1519 e-con-full e-flex e-con e-child\" data-id=\"06e1519\" data-element_type=\"container\" data-settings=\"{&quot;content_width&quot;:&quot;full&quot;}\">\n\t\t\t\t<div class=\"elementor-element elementor-element-ff6dfa7 elementor-widget elementor-widget-image\" data-id=\"ff6dfa7\" data-element_type=\"widget\" data-widget_type=\"image.default\">\n\t\t\t\t<div class=\"elementor-widget-container\">\n\t\t\t<style>\/*! elementor - v3.18.0 - 08-12-2023 *\/\n.elementor-widget-image{text-align:center}.elementor-widget-image a{display:inline-block}.elementor-widget-image a img[src$=\".svg\"]{width:48px}.elementor-widget-image img{vertical-align:middle;display:inline-block}<\/style>\t\t\t\t\t\t\t\t\t\t\t\t<img fetchpriority=\"high\" decoding=\"async\" width=\"800\" height=\"531\" src=\"https:\/\/www.likeproregio.hu\/wp-content\/uploads\/2023\/12\/SEO-1024x680.jpg\" class=\"attachment-large size-large wp-image-158\" alt=\"seo\" srcset=\"https:\/\/www.likeproregio.hu\/wp-content\/uploads\/2023\/12\/SEO-1024x680.jpg 1024w, https:\/\/www.likeproregio.hu\/wp-content\/uploads\/2023\/12\/SEO-300x199.jpg 300w, https:\/\/www.likeproregio.hu\/wp-content\/uploads\/2023\/12\/SEO-768x510.jpg 768w, https:\/\/www.likeproregio.hu\/wp-content\/uploads\/2023\/12\/SEO-1536x1020.jpg 1536w, https:\/\/www.likeproregio.hu\/wp-content\/uploads\/2023\/12\/SEO-2048x1360.jpg 2048w\" sizes=\"(max-width: 800px) 100vw, 800px\" \/>\t\t\t\t\t\t\t\t\t\t\t\t\t\t\t<\/div>\n\t\t\t\t<\/div>\n\t\t\t\t<\/div>\n\t\t<div class=\"elementor-element elementor-element-a5de010 e-con-full e-flex e-con e-child\" data-id=\"a5de010\" data-element_type=\"container\" data-settings=\"{&quot;content_width&quot;:&quot;full&quot;}\">\n\t\t\t\t<div class=\"elementor-element elementor-element-80724f7 elementor-widget elementor-widget-text-editor\" data-id=\"80724f7\" data-element_type=\"widget\" data-widget_type=\"text-editor.default\">\n\t\t\t\t<div class=\"elementor-widget-container\">\n\t\t\t<style>\/*! elementor - v3.18.0 - 08-12-2023 *\/\n.elementor-widget-text-editor.elementor-drop-cap-view-stacked .elementor-drop-cap{background-color:#69727d;color:#fff}.elementor-widget-text-editor.elementor-drop-cap-view-framed .elementor-drop-cap{color:#69727d;border:3px solid;background-color:transparent}.elementor-widget-text-editor:not(.elementor-drop-cap-view-default) .elementor-drop-cap{margin-top:8px}.elementor-widget-text-editor:not(.elementor-drop-cap-view-default) .elementor-drop-cap-letter{width:1em;height:1em}.elementor-widget-text-editor .elementor-drop-cap{float:left;text-align:center;line-height:1;font-size:50px}.elementor-widget-text-editor .elementor-drop-cap-letter{display:inline-block}<\/style>\t\t\t\t<p>Ha szeretn\u00e9l olyan tud\u00e1sra szert tenni, amely megnyitja az ajt\u00f3t a keres\u0151motor-optimaliz\u00e1l\u00e1s leny\u0171g\u00f6z\u0151 vil\u00e1g\u00e1hoz, akkor a mi k\u00e9pz\u00e9s\u00fcnk Neked val\u00f3!\u00a0 Tanulj hat\u00e9kony kulcssz\u00f3kutat\u00e1si strat\u00e9gi\u00e1kat, optimaliz\u00e1ci\u00f3s technik\u00e1kat \u00e9s k\u00f6vesd nyomon a legfrissebb SEO trendeket.<\/p><p><strong>\u00a0\u00a0\u00a0\u00a0\u00a0\u00a0\u00a0\u00a0\u00a0\u00a0\u00a0\u00a0\u00a0\u00a0\u00a0\u00a0\u00a0\u00a0\u00a0\u00a0\u00a0\u00a0\u00a0\u00a0\u00a0\u00a0\u00a0\u00a0\u00a0\u00a0\u00a0\u00a0\u00a0\u00a0\u00a0\u00a0\u00a0\u00a0 Az \u00f3r\u00e1k \u00e9l\u0151 zoomos k\u00e9pz\u00e9sek!<\/strong><\/p>\t\t\t\t\t\t<\/div>\n\t\t\t\t<\/div>\n\t\t\t\t<\/div>\n\t\t\t\t\t<\/div>\n\t\t\t\t<\/div>\n\t\t<div class=\"elementor-element elementor-element-6cea389 e-flex e-con-boxed e-con e-parent\" data-id=\"6cea389\" data-element_type=\"container\" data-settings=\"{&quot;background_background&quot;:&quot;classic&quot;,&quot;content_width&quot;:&quot;boxed&quot;}\" data-core-v316-plus=\"true\">\n\t\t\t\t\t<div class=\"e-con-inner\">\n\t\t\t\t<div class=\"elementor-element elementor-element-813720d elementor-widget elementor-widget-heading\" data-id=\"813720d\" data-element_type=\"widget\" data-widget_type=\"heading.default\">\n\t\t\t\t<div class=\"elementor-widget-container\">\n\t\t\t<h2 class=\"elementor-heading-title elementor-size-default\">MIT NY\u00daJT NEKED SEO K\u00c9PZ\u00c9S\u00dcNK?<\/h2>\t\t<\/div>\n\t\t\t\t<\/div>\n\t\t\t\t\t<\/div>\n\t\t\t\t<\/div>\n\t\t<div class=\"elementor-element elementor-element-349e9aa e-flex e-con-boxed e-con e-parent\" data-id=\"349e9aa\" data-element_type=\"container\" data-settings=\"{&quot;content_width&quot;:&quot;boxed&quot;}\" data-core-v316-plus=\"true\">\n\t\t\t\t\t<div class=\"e-con-inner\">\n\t\t<div class=\"elementor-element elementor-element-37a2e06 e-con-full e-flex e-con e-child\" data-id=\"37a2e06\" data-element_type=\"container\" data-settings=\"{&quot;content_width&quot;:&quot;full&quot;}\">\n\t\t\t\t<div class=\"elementor-element elementor-element-e9587ff elementor-widget elementor-widget-text-editor\" data-id=\"e9587ff\" data-element_type=\"widget\" data-widget_type=\"text-editor.default\">\n\t\t\t\t<div class=\"elementor-widget-container\">\n\t\t\t\t\t\t\t<p>A k\u00e9pz\u00e9s sor\u00e1n gyakorlati p\u00e9ld\u00e1kon kereszt\u00fcl saj\u00e1t\u00edthatod el azokat az eszk\u00f6z\u00f6ket \u00e9s tr\u00fckk\u00f6ket, amelyekkel a weboldalakat az \u00e9lvonalba rep\u00edtheted a keres\u00e9si eredm\u00e9nyek k\u00f6z\u00f6tt. Csatlakozz hozz\u00e1nk, \u00e9s l\u00e9pj be az SEO szak\u00e9rt\u0151k elit klubj\u00e1ba!<\/p>\t\t\t\t\t\t<\/div>\n\t\t\t\t<\/div>\n\t\t\t\t<\/div>\n\t\t<div class=\"elementor-element elementor-element-3f8c3cb e-con-full e-flex e-con e-child\" data-id=\"3f8c3cb\" data-element_type=\"container\" data-settings=\"{&quot;content_width&quot;:&quot;full&quot;}\">\n\t\t\t\t<div class=\"elementor-element elementor-element-c7849cc elementor-widget elementor-widget-image\" data-id=\"c7849cc\" data-element_type=\"widget\" data-widget_type=\"image.default\">\n\t\t\t\t<div class=\"elementor-widget-container\">\n\t\t\t\t\t\t\t\t\t\t\t\t\t\t\t<img decoding=\"async\" width=\"800\" height=\"566\" src=\"https:\/\/www.likeproregio.hu\/wp-content\/uploads\/2023\/12\/woman-241328_1280-1-1024x724.jpg\" class=\"attachment-large size-large wp-image-164\" alt=\"\" srcset=\"https:\/\/www.likeproregio.hu\/wp-content\/uploads\/2023\/12\/woman-241328_1280-1-1024x724.jpg 1024w, https:\/\/www.likeproregio.hu\/wp-content\/uploads\/2023\/12\/woman-241328_1280-1-300x212.jpg 300w, https:\/\/www.likeproregio.hu\/wp-content\/uploads\/2023\/12\/woman-241328_1280-1-768x543.jpg 768w, https:\/\/www.likeproregio.hu\/wp-content\/uploads\/2023\/12\/woman-241328_1280-1.jpg 1280w\" sizes=\"(max-width: 800px) 100vw, 800px\" \/>\t\t\t\t\t\t\t\t\t\t\t\t\t\t\t<\/div>\n\t\t\t\t<\/div>\n\t\t\t\t<\/div>\n\t\t\t\t\t<\/div>\n\t\t\t\t<\/div>\n\t\t<div class=\"elementor-element elementor-element-245e7ad e-flex e-con-boxed e-con e-parent\" data-id=\"245e7ad\" data-element_type=\"container\" data-settings=\"{&quot;content_width&quot;:&quot;boxed&quot;}\" data-core-v316-plus=\"true\">\n\t\t\t\t\t<div class=\"e-con-inner\">\n\t\t\t\t<div class=\"elementor-element elementor-element-b4ecea2 elementor-widget elementor-widget-button\" data-id=\"b4ecea2\" data-element_type=\"widget\" data-widget_type=\"button.default\">\n\t\t\t\t<div class=\"elementor-widget-container\">\n\t\t\t\t\t<div class=\"elementor-button-wrapper\">\n\t\t\t<a class=\"elementor-button elementor-button-link elementor-size-sm\" href=\"https:\/\/www.likeproregio.hu\/\">\n\t\t\t\t\t\t<span class=\"elementor-button-content-wrapper\">\n\t\t\t\t\t\t<span class=\"elementor-button-text\">Vissza<\/span>\n\t\t<\/span>\n\t\t\t\t\t<\/a>\n\t\t<\/div>\n\t\t\t\t<\/div>\n\t\t\t\t<\/div>\n\t\t\t\t\t<\/div>\n\t\t\t\t<\/div>\n\t\t\t\t\t\t\t<\/div>\n\t\t","protected":false},"excerpt":{"rendered":"<p>SEO (Keres\u0151optimaliz\u00e1ci\u00f3) k\u00e9pz\u00e9s Ha szeretn\u00e9l olyan tud\u00e1sra szert tenni, amely megnyitja az ajt\u00f3t a keres\u0151motor-optimaliz\u00e1l\u00e1s leny\u0171g\u00f6z\u0151 vil\u00e1g\u00e1hoz, akkor a mi k\u00e9pz\u00e9s\u00fcnk Neked val\u00f3!\u00a0 Tanulj hat\u00e9kony kulcssz\u00f3kutat\u00e1si strat\u00e9gi\u00e1kat, optimaliz\u00e1ci\u00f3s technik\u00e1kat \u00e9s k\u00f6vesd nyomon a legfrissebb SEO trendeket. \u00a0\u00a0\u00a0\u00a0\u00a0\u00a0\u00a0\u00a0\u00a0\u00a0\u00a0\u00a0\u00a0\u00a0\u00a0\u00a0\u00a0\u00a0\u00a0\u00a0\u00a0\u00a0\u00a0\u00a0\u00a0\u00a0\u00a0\u00a0\u00a0\u00a0\u00a0\u00a0\u00a0\u00a0\u00a0\u00a0\u00a0\u00a0 Az \u00f3r\u00e1k \u00e9l\u0151 zoomos k\u00e9pz\u00e9sek! MIT NY\u00daJT NEKED SEO K\u00c9PZ\u00c9S\u00dcNK? A k\u00e9pz\u00e9s sor\u00e1n gyakorlati p\u00e9ld\u00e1kon kereszt\u00fcl saj\u00e1t\u00edthatod el [&hellip;]<\/p>\n","protected":false},"author":1,"featured_media":0,"parent":0,"menu_order":0,"comment_status":"closed","ping_status":"closed","template":"elementor_header_footer","meta":{"footnotes":""},"_links":{"self":[{"href":"https:\/\/www.likeproregio.hu\/index.php\/wp-json\/wp\/v2\/pages\/152"}],"collection":[{"href":"https:\/\/www.likeproregio.hu\/index.php\/wp-json\/wp\/v2\/pages"}],"about":[{"href":"https:\/\/www.likeproregio.hu\/index.php\/wp-json\/wp\/v2\/types\/page"}],"author":[{"embeddable":true,"href":"https:\/\/www.likeproregio.hu\/index.php\/wp-json\/wp\/v2\/users\/1"}],"replies":[{"embeddable":true,"href":"https:\/\/www.likeproregio.hu\/index.php\/wp-json\/wp\/v2\/comments?post=152"}],"version-history":[{"count":10,"href":"https:\/\/www.likeproregio.hu\/index.php\/wp-json\/wp\/v2\/pages\/152\/revisions"}],"predecessor-version":[{"id":167,"href":"https:\/\/www.likeproregio.hu\/index.php\/wp-json\/wp\/v2\/pages\/152\/revisions\/167"}],"wp:attachment":[{"href":"https:\/\/www.likeproregio.hu\/index.php\/wp-json\/wp\/v2\/media?parent=152"}],"curies":[{"name":"wp","href":"https:\/\/api.w.org\/{rel}","templated":true}]}}