{"id":210,"date":"2023-12-31T15:11:53","date_gmt":"2023-12-31T14:11:53","guid":{"rendered":"https:\/\/www.likeproregio.hu\/?page_id=210"},"modified":"2024-11-26T19:18:07","modified_gmt":"2024-11-26T18:18:07","slug":"impresszum","status":"publish","type":"page","link":"https:\/\/www.likeproregio.hu\/index.php\/impresszum\/","title":{"rendered":"Impresszum"},"content":{"rendered":"\t\t<div data-elementor-type=\"wp-page\" data-elementor-id=\"210\" class=\"elementor elementor-210\">\n\t\t\t\t\t\t\t<div class=\"elementor-element elementor-element-aa2003d e-flex e-con-boxed e-con e-parent\" data-id=\"aa2003d\" data-element_type=\"container\" data-settings=\"{&quot;content_width&quot;:&quot;boxed&quot;}\" data-core-v316-plus=\"true\">\n\t\t\t\t\t<div class=\"e-con-inner\">\n\t\t\t\t<div class=\"elementor-element elementor-element-ad9fdf8 elementor-widget elementor-widget-text-editor\" data-id=\"ad9fdf8\" data-element_type=\"widget\" data-widget_type=\"text-editor.default\">\n\t\t\t\t<div class=\"elementor-widget-container\">\n\t\t\t<style>\/*! elementor - v3.18.0 - 08-12-2023 *\/\n.elementor-widget-text-editor.elementor-drop-cap-view-stacked .elementor-drop-cap{background-color:#69727d;color:#fff}.elementor-widget-text-editor.elementor-drop-cap-view-framed .elementor-drop-cap{color:#69727d;border:3px solid;background-color:transparent}.elementor-widget-text-editor:not(.elementor-drop-cap-view-default) .elementor-drop-cap{margin-top:8px}.elementor-widget-text-editor:not(.elementor-drop-cap-view-default) .elementor-drop-cap-letter{width:1em;height:1em}.elementor-widget-text-editor .elementor-drop-cap{float:left;text-align:center;line-height:1;font-size:50px}.elementor-widget-text-editor .elementor-drop-cap-letter{display:inline-block}<\/style>\t\t\t\t<h3 class=\"pageTitle\">Impresszum<\/h3><div class=\"m-statText\"><p><b>A honlap \u00fczemeltet\u0151j\u00e9nek adatai:<\/b><\/p><p>\u00a0\u00dczemeltet\u0151 neve: Like-Proregio Korl\u00e1tolt Felel\u0151ss\u00e9g\u0171 T\u00e1rsas\u00e1g<\/p><p>\u00a0\u00dczemeltet\u0151 r\u00f6vid\u00edtett neve: Like Proregio Kft.<\/p><p>\u00dczemeltet\u0151 sz\u00e9khelye: <i>6726 Szeged, Szent-Gy\u00f6rgyi Albert u. 23.<br \/><\/i><\/p><p>\u00dczemeltet\u0151 c\u00e9gb\u00edr\u00f3s\u00e1gi bejegyz\u00e9si sz\u00e1ma:\u00a0<i><span id=\":92.co\" class=\"tL8wMe EMoHub\" dir=\"ltr\">06-09-026132<\/span><\/i><\/p><p>\u00a0\u00dczemeltet\u0151 ad\u00f3sz\u00e1ma: <i><span id=\":8y.co\" class=\"tL8wMe EMoHub\" dir=\"ltr\"><span id=\":92.co\" class=\"tL8wMe EMoHub\" dir=\"ltr\">27988020-1-06<\/span><\/span><\/i><\/p><p><b><span id=\":4p.co\" class=\"tL8wMe EMoHub\" dir=\"ltr\">Feln\u0151ttk\u00e9pz\u0151k nyilv\u00e1ntart\u00e1sba v\u00e9teli sz\u00e1ma:<\/span><\/b> B\/2020\/003382<\/p><p>\u00dczemeltet\u0151 EU ad\u00f3sz\u00e1ma: \u2013<\/p><p>\u00dczemeltet\u0151 NAIH nyilv\u00e1ntart\u00e1si sz\u00e1ma: \u2013<\/p><p><b>Az \u00fczemeltet\u0151 el\u00e9rhet\u0151s\u00e9gei:<\/b><\/p><p>Telefon:\u00a0<i> <\/i><i>+36 (70)5037973<\/i><\/p><p>E-mail: <i>admin@likeproregio.hu<\/i><\/p><p>\u00dcgyf\u00e9lszolg\u00e1lat el\u00e9rhet\u0151s\u00e9g\u00e9nek id\u0151tartama: <i>h\u00e9tk\u00f6znap 09:00 \u2013 13:00<\/i><\/p><\/div>\t\t\t\t\t\t<\/div>\n\t\t\t\t<\/div>\n\t\t\t\t\t<\/div>\n\t\t\t\t<\/div>\n\t\t\t\t\t\t\t<\/div>\n\t\t","protected":false},"excerpt":{"rendered":"<p>Impresszum A honlap \u00fczemeltet\u0151j\u00e9nek adatai: \u00a0\u00dczemeltet\u0151 neve: Like-Proregio Korl\u00e1tolt Felel\u0151ss\u00e9g\u0171 T\u00e1rsas\u00e1g \u00a0\u00dczemeltet\u0151 r\u00f6vid\u00edtett neve: Like Proregio Kft. \u00dczemeltet\u0151 sz\u00e9khelye: 6726 Szeged, Szent-Gy\u00f6rgyi Albert u. 23. \u00dczemeltet\u0151 c\u00e9gb\u00edr\u00f3s\u00e1gi bejegyz\u00e9si sz\u00e1ma:\u00a006-09-026132 \u00a0\u00dczemeltet\u0151 ad\u00f3sz\u00e1ma: 27988020-1-06 Feln\u0151ttk\u00e9pz\u0151k nyilv\u00e1ntart\u00e1sba v\u00e9teli sz\u00e1ma: B\/2020\/003382 \u00dczemeltet\u0151 EU ad\u00f3sz\u00e1ma: \u2013 \u00dczemeltet\u0151 NAIH nyilv\u00e1ntart\u00e1si sz\u00e1ma: \u2013 Az \u00fczemeltet\u0151 el\u00e9rhet\u0151s\u00e9gei: Telefon:\u00a0 +36 (70)5037973 E-mail: admin@likeproregio.hu \u00dcgyf\u00e9lszolg\u00e1lat [&hellip;]<\/p>\n","protected":false},"author":1,"featured_media":0,"parent":0,"menu_order":0,"comment_status":"closed","ping_status":"closed","template":"elementor_header_footer","meta":{"footnotes":""},"_links":{"self":[{"href":"https:\/\/www.likeproregio.hu\/index.php\/wp-json\/wp\/v2\/pages\/210"}],"collection":[{"href":"https:\/\/www.likeproregio.hu\/index.php\/wp-json\/wp\/v2\/pages"}],"about":[{"href":"https:\/\/www.likeproregio.hu\/index.php\/wp-json\/wp\/v2\/types\/page"}],"author":[{"embeddable":true,"href":"https:\/\/www.likeproregio.hu\/index.php\/wp-json\/wp\/v2\/users\/1"}],"replies":[{"embeddable":true,"href":"https:\/\/www.likeproregio.hu\/index.php\/wp-json\/wp\/v2\/comments?post=210"}],"version-history":[{"count":10,"href":"https:\/\/www.likeproregio.hu\/index.php\/wp-json\/wp\/v2\/pages\/210\/revisions"}],"predecessor-version":[{"id":436,"href":"https:\/\/www.likeproregio.hu\/index.php\/wp-json\/wp\/v2\/pages\/210\/revisions\/436"}],"wp:attachment":[{"href":"https:\/\/www.likeproregio.hu\/index.php\/wp-json\/wp\/v2\/media?parent=210"}],"curies":[{"name":"wp","href":"https:\/\/api.w.org\/{rel}","templated":true}]}}