{"id":22,"date":"2023-12-20T11:19:22","date_gmt":"2023-12-20T10:19:22","guid":{"rendered":"https:\/\/www.likeproregio.hu\/?page_id=22"},"modified":"2024-04-22T15:42:21","modified_gmt":"2024-04-22T13:42:21","slug":"kapcsolat","status":"publish","type":"page","link":"https:\/\/www.likeproregio.hu\/index.php\/kapcsolat\/","title":{"rendered":"Kapcsolat"},"content":{"rendered":"\t\t<div data-elementor-type=\"wp-page\" data-elementor-id=\"22\" class=\"elementor elementor-22\">\n\t\t\t\t\t\t\t<div class=\"elementor-element elementor-element-f1bd4b9 e-flex e-con-boxed e-con e-parent\" data-id=\"f1bd4b9\" data-element_type=\"container\" data-settings=\"{&quot;content_width&quot;:&quot;boxed&quot;}\" data-core-v316-plus=\"true\">\n\t\t\t\t\t<div class=\"e-con-inner\">\n\t\t\t\t<div class=\"elementor-element elementor-element-d2bf87b elementor-widget elementor-widget-heading\" data-id=\"d2bf87b\" data-element_type=\"widget\" data-widget_type=\"heading.default\">\n\t\t\t\t<div class=\"elementor-widget-container\">\n\t\t\t<style>\/*! elementor - v3.18.0 - 08-12-2023 *\/\n.elementor-heading-title{padding:0;margin:0;line-height:1}.elementor-widget-heading .elementor-heading-title[class*=elementor-size-]>a{color:inherit;font-size:inherit;line-height:inherit}.elementor-widget-heading .elementor-heading-title.elementor-size-small{font-size:15px}.elementor-widget-heading .elementor-heading-title.elementor-size-medium{font-size:19px}.elementor-widget-heading .elementor-heading-title.elementor-size-large{font-size:29px}.elementor-widget-heading .elementor-heading-title.elementor-size-xl{font-size:39px}.elementor-widget-heading .elementor-heading-title.elementor-size-xxl{font-size:59px}<\/style><h2 class=\"elementor-heading-title elementor-size-default\">Kapcsolat<\/h2>\t\t<\/div>\n\t\t\t\t<\/div>\n\t\t\t\t\t<\/div>\n\t\t\t\t<\/div>\n\t\t<div class=\"elementor-element elementor-element-46413cd e-flex e-con-boxed e-con e-parent\" data-id=\"46413cd\" data-element_type=\"container\" data-settings=\"{&quot;content_width&quot;:&quot;boxed&quot;}\" data-core-v316-plus=\"true\">\n\t\t\t\t\t<div class=\"e-con-inner\">\n\t\t\t\t<div class=\"elementor-element elementor-element-31c590f elementor-widget elementor-widget-heading\" data-id=\"31c590f\" data-element_type=\"widget\" data-widget_type=\"heading.default\">\n\t\t\t\t<div class=\"elementor-widget-container\">\n\t\t\t<h2 class=\"elementor-heading-title elementor-size-default\">Like-Proregio Kft.<\/h2>\t\t<\/div>\n\t\t\t\t<\/div>\n\t\t\t\t\t<\/div>\n\t\t\t\t<\/div>\n\t\t<div class=\"elementor-element elementor-element-382455f e-flex e-con-boxed e-con e-parent\" data-id=\"382455f\" data-element_type=\"container\" data-settings=\"{&quot;content_width&quot;:&quot;boxed&quot;}\" data-core-v316-plus=\"true\">\n\t\t\t\t\t<div class=\"e-con-inner\">\n\t\t\t\t<div class=\"elementor-element elementor-element-d82d3b5 elementor-widget elementor-widget-spacer\" data-id=\"d82d3b5\" data-element_type=\"widget\" data-widget_type=\"spacer.default\">\n\t\t\t\t<div class=\"elementor-widget-container\">\n\t\t\t<style>\/*! elementor - v3.18.0 - 08-12-2023 *\/\n.elementor-column .elementor-spacer-inner{height:var(--spacer-size)}.e-con{--container-widget-width:100%}.e-con-inner>.elementor-widget-spacer,.e-con>.elementor-widget-spacer{width:var(--container-widget-width,var(--spacer-size));--align-self:var(--container-widget-align-self,initial);--flex-shrink:0}.e-con-inner>.elementor-widget-spacer>.elementor-widget-container,.e-con>.elementor-widget-spacer>.elementor-widget-container{height:100%;width:100%}.e-con-inner>.elementor-widget-spacer>.elementor-widget-container>.elementor-spacer,.e-con>.elementor-widget-spacer>.elementor-widget-container>.elementor-spacer{height:100%}.e-con-inner>.elementor-widget-spacer>.elementor-widget-container>.elementor-spacer>.elementor-spacer-inner,.e-con>.elementor-widget-spacer>.elementor-widget-container>.elementor-spacer>.elementor-spacer-inner{height:var(--container-widget-height,var(--spacer-size))}.e-con-inner>.elementor-widget-spacer.elementor-widget-empty,.e-con>.elementor-widget-spacer.elementor-widget-empty{position:relative;min-height:22px;min-width:22px}.e-con-inner>.elementor-widget-spacer.elementor-widget-empty .elementor-widget-empty-icon,.e-con>.elementor-widget-spacer.elementor-widget-empty .elementor-widget-empty-icon{position:absolute;top:0;bottom:0;left:0;right:0;margin:auto;padding:0;width:22px;height:22px}<\/style>\t\t<div class=\"elementor-spacer\">\n\t\t\t<div class=\"elementor-spacer-inner\"><\/div>\n\t\t<\/div>\n\t\t\t\t<\/div>\n\t\t\t\t<\/div>\n\t\t\t\t\t<\/div>\n\t\t\t\t<\/div>\n\t\t<div class=\"elementor-element elementor-element-a60680c e-flex e-con-boxed e-con e-parent\" data-id=\"a60680c\" data-element_type=\"container\" data-settings=\"{&quot;content_width&quot;:&quot;boxed&quot;}\" data-core-v316-plus=\"true\">\n\t\t\t\t\t<div class=\"e-con-inner\">\n\t\t<div class=\"elementor-element elementor-element-5483b11 e-con-full e-flex e-con e-child\" data-id=\"5483b11\" data-element_type=\"container\" data-settings=\"{&quot;content_width&quot;:&quot;full&quot;}\">\n\t\t\t\t<div class=\"elementor-element elementor-element-5d27f84 elementor-widget elementor-widget-text-editor\" data-id=\"5d27f84\" data-element_type=\"widget\" data-widget_type=\"text-editor.default\">\n\t\t\t\t<div class=\"elementor-widget-container\">\n\t\t\t<style>\/*! elementor - v3.18.0 - 08-12-2023 *\/\n.elementor-widget-text-editor.elementor-drop-cap-view-stacked .elementor-drop-cap{background-color:#69727d;color:#fff}.elementor-widget-text-editor.elementor-drop-cap-view-framed .elementor-drop-cap{color:#69727d;border:3px solid;background-color:transparent}.elementor-widget-text-editor:not(.elementor-drop-cap-view-default) .elementor-drop-cap{margin-top:8px}.elementor-widget-text-editor:not(.elementor-drop-cap-view-default) .elementor-drop-cap-letter{width:1em;height:1em}.elementor-widget-text-editor .elementor-drop-cap{float:left;text-align:center;line-height:1;font-size:50px}.elementor-widget-text-editor .elementor-drop-cap-letter{display:inline-block}<\/style>\t\t\t\t<p><b>C\u00edm:<\/b> 6726 Szeged, Szent-Gy\u00f6rgyi Albert u. 23. tet\u0151t\u00e9r 1.<\/p><p><b>Telefon:<\/b> +36 705037973 \u00a0\u00a0H &#8211; P | 09:00 &#8211; 13:00 <br \/><b>E-mail:<\/b> admin@likeproregio.hu<i><br \/><\/i><b>Szem\u00e9lyes nyitvatart\u00e1s: <\/b>6721 Szeged, K\u00e1lm\u00e1ny Lajos u. 14.<b><i><\/i><\/b><br \/>H &#8211; P | 09:00 &#8211; 13:00<\/p><p><b>C\u00e9gb\u00edr\u00f3s\u00e1gi bejegyz\u00e9si sz\u00e1m:<\/b> <span id=\":92.co\" class=\"tL8wMe EMoHub\" dir=\"ltr\">06-09-026132<\/span><br \/><b>Ad\u00f3sz\u00e1m:<\/b><span id=\":8y.co\" class=\"tL8wMe EMoHub\" dir=\"ltr\"><span id=\":92.co\" class=\"tL8wMe EMoHub\" dir=\"ltr\">27988020-1-06<\/span><\/span><\/p><p><b><span id=\":4p.co\" class=\"tL8wMe EMoHub\" dir=\"ltr\">Feln\u0151ttk\u00e9pz\u0151k nyilv\u00e1ntart\u00e1sba v\u00e9teli sz\u00e1ma: <\/span><\/b><span id=\":3z.co\" class=\"tL8wMe EMoHub\" dir=\"ltr\">B\/2020\/003382<\/span><\/p><p><b>Banksz\u00e1mlasz\u00e1m<\/b>: <span id=\":8y.co\" class=\"tL8wMe EMoHub\" dir=\"ltr\">Oberbank AG Magyarorsz\u00e1gi Fi\u00f3ktelep 18400010-10000515-10361902<br \/><\/span><\/p>\t\t\t\t\t\t<\/div>\n\t\t\t\t<\/div>\n\t\t\t\t<\/div>\n\t\t\t\t<div class=\"elementor-element elementor-element-5d64d12 elementor-widget elementor-widget-image\" data-id=\"5d64d12\" data-element_type=\"widget\" data-widget_type=\"image.default\">\n\t\t\t\t<div class=\"elementor-widget-container\">\n\t\t\t<style>\/*! elementor - v3.18.0 - 08-12-2023 *\/\n.elementor-widget-image{text-align:center}.elementor-widget-image a{display:inline-block}.elementor-widget-image a img[src$=\".svg\"]{width:48px}.elementor-widget-image img{vertical-align:middle;display:inline-block}<\/style>\t\t\t\t\t\t\t\t\t\t\t\t<img fetchpriority=\"high\" decoding=\"async\" width=\"626\" height=\"626\" src=\"https:\/\/www.likeproregio.hu\/wp-content\/uploads\/2023\/12\/face-kep.jpg\" class=\"attachment-medium_large size-medium_large wp-image-31\" alt=\"kapcsolat\" srcset=\"https:\/\/www.likeproregio.hu\/wp-content\/uploads\/2023\/12\/face-kep.jpg 626w, https:\/\/www.likeproregio.hu\/wp-content\/uploads\/2023\/12\/face-kep-300x300.jpg 300w, https:\/\/www.likeproregio.hu\/wp-content\/uploads\/2023\/12\/face-kep-150x150.jpg 150w\" sizes=\"(max-width: 626px) 100vw, 626px\" \/>\t\t\t\t\t\t\t\t\t\t\t\t\t\t\t<\/div>\n\t\t\t\t<\/div>\n\t\t\t\t\t<\/div>\n\t\t\t\t<\/div>\n\t\t<div class=\"elementor-element elementor-element-e5c8f72 e-flex e-con-boxed e-con e-parent\" data-id=\"e5c8f72\" data-element_type=\"container\" data-settings=\"{&quot;content_width&quot;:&quot;boxed&quot;}\" data-core-v316-plus=\"true\">\n\t\t\t\t\t<div class=\"e-con-inner\">\n\t\t\t\t<div class=\"elementor-element elementor-element-95fd3a3 elementor-widget elementor-widget-button\" data-id=\"95fd3a3\" data-element_type=\"widget\" data-widget_type=\"button.default\">\n\t\t\t\t<div class=\"elementor-widget-container\">\n\t\t\t\t\t<div class=\"elementor-button-wrapper\">\n\t\t\t<a class=\"elementor-button elementor-button-link elementor-size-sm\" href=\"https:\/\/www.likeproregio.hu\/\">\n\t\t\t\t\t\t<span class=\"elementor-button-content-wrapper\">\n\t\t\t\t\t\t<span class=\"elementor-button-text\">Vissza<\/span>\n\t\t<\/span>\n\t\t\t\t\t<\/a>\n\t\t<\/div>\n\t\t\t\t<\/div>\n\t\t\t\t<\/div>\n\t\t\t\t\t<\/div>\n\t\t\t\t<\/div>\n\t\t\t\t\t\t\t<\/div>\n\t\t","protected":false},"excerpt":{"rendered":"<p>Kapcsolat Like-Proregio Kft. C\u00edm: 6726 Szeged, Szent-Gy\u00f6rgyi Albert u. 23. tet\u0151t\u00e9r 1. Telefon: +36 705037973 \u00a0\u00a0H &#8211; P | 09:00 &#8211; 13:00 E-mail: admin@likeproregio.huSzem\u00e9lyes nyitvatart\u00e1s: 6721 Szeged, K\u00e1lm\u00e1ny Lajos u. 14.H &#8211; P | 09:00 &#8211; 13:00 C\u00e9gb\u00edr\u00f3s\u00e1gi bejegyz\u00e9si sz\u00e1m: 06-09-026132Ad\u00f3sz\u00e1m:27988020-1-06 Feln\u0151ttk\u00e9pz\u0151k nyilv\u00e1ntart\u00e1sba v\u00e9teli sz\u00e1ma: B\/2020\/003382 Banksz\u00e1mlasz\u00e1m: Oberbank AG Magyarorsz\u00e1gi Fi\u00f3ktelep 18400010-10000515-10361902 Vissza<\/p>\n","protected":false},"author":1,"featured_media":0,"parent":0,"menu_order":0,"comment_status":"closed","ping_status":"closed","template":"elementor_header_footer","meta":{"footnotes":""},"_links":{"self":[{"href":"https:\/\/www.likeproregio.hu\/index.php\/wp-json\/wp\/v2\/pages\/22"}],"collection":[{"href":"https:\/\/www.likeproregio.hu\/index.php\/wp-json\/wp\/v2\/pages"}],"about":[{"href":"https:\/\/www.likeproregio.hu\/index.php\/wp-json\/wp\/v2\/types\/page"}],"author":[{"embeddable":true,"href":"https:\/\/www.likeproregio.hu\/index.php\/wp-json\/wp\/v2\/users\/1"}],"replies":[{"embeddable":true,"href":"https:\/\/www.likeproregio.hu\/index.php\/wp-json\/wp\/v2\/comments?post=22"}],"version-history":[{"count":16,"href":"https:\/\/www.likeproregio.hu\/index.php\/wp-json\/wp\/v2\/pages\/22\/revisions"}],"predecessor-version":[{"id":368,"href":"https:\/\/www.likeproregio.hu\/index.php\/wp-json\/wp\/v2\/pages\/22\/revisions\/368"}],"wp:attachment":[{"href":"https:\/\/www.likeproregio.hu\/index.php\/wp-json\/wp\/v2\/media?parent=22"}],"curies":[{"name":"wp","href":"https:\/\/api.w.org\/{rel}","templated":true}]}}