{"id":3,"date":"2023-11-29T19:02:41","date_gmt":"2023-11-29T18:02:41","guid":{"rendered":"https:\/\/www.likeproregio.hu\/?page_id=3"},"modified":"2023-12-31T15:19:28","modified_gmt":"2023-12-31T14:19:28","slug":"adatkezelesi-tajekoztato","status":"publish","type":"page","link":"https:\/\/www.likeproregio.hu\/index.php\/adatkezelesi-tajekoztato\/","title":{"rendered":"Adatkezel\u00e9si t\u00e1j\u00e9koztat\u00f3"},"content":{"rendered":"\t\t<div data-elementor-type=\"wp-page\" data-elementor-id=\"3\" class=\"elementor elementor-3\">\n\t\t\t\t\t\t\t<div class=\"elementor-element elementor-element-721d46d7 e-flex e-con-boxed e-con e-parent\" data-id=\"721d46d7\" data-element_type=\"container\" data-settings=\"{&quot;content_width&quot;:&quot;boxed&quot;}\" data-core-v316-plus=\"true\">\n\t\t\t\t\t<div class=\"e-con-inner\">\n\t\t\t\t<div class=\"elementor-element elementor-element-9db2560 elementor-widget elementor-widget-text-editor\" data-id=\"9db2560\" data-element_type=\"widget\" data-widget_type=\"text-editor.default\">\n\t\t\t\t<div class=\"elementor-widget-container\">\n\t\t\t<style>\/*! elementor - v3.18.0 - 08-12-2023 *\/\n.elementor-widget-text-editor.elementor-drop-cap-view-stacked .elementor-drop-cap{background-color:#69727d;color:#fff}.elementor-widget-text-editor.elementor-drop-cap-view-framed .elementor-drop-cap{color:#69727d;border:3px solid;background-color:transparent}.elementor-widget-text-editor:not(.elementor-drop-cap-view-default) .elementor-drop-cap{margin-top:8px}.elementor-widget-text-editor:not(.elementor-drop-cap-view-default) .elementor-drop-cap-letter{width:1em;height:1em}.elementor-widget-text-editor .elementor-drop-cap{float:left;text-align:center;line-height:1;font-size:50px}.elementor-widget-text-editor .elementor-drop-cap-letter{display:inline-block}<\/style>\t\t\t\t<h3>Adatkezel\u00e9si t\u00e1j\u00e9koztat\u00f3 Like Proregio Kft.<\/h3>\n<p><strong>K\u00e9rj\u00fck, figyelmesen olvassa el a T\u00e1j\u00e9koztat\u00f3t, annak \u00e9rdek\u00e9ben, hogy meg\u00e9rtse, hogy hogyan kezelj\u00fck a szem\u00e9lyes adatait \u00e9s megismerje az adatkezel\u00e9ssel kapcsolatos jogait.<\/strong><\/p>\n<p>Like Proregio Kft. adatkezel\u0151k\u00e9nt tiszteletben tartja mindazon szem\u00e9lyek mag\u00e1nszf\u00e9r\u00e1j\u00e1t, akik sz\u00e1m\u00e1ra szem\u00e9lyes adatot adnak \u00e1t \u00e9s elk\u00f6telezett ezek v\u00e9delm\u00e9ben. Az Eur\u00f3pai Uni\u00f3 \u00c1ltal\u00e1nos Adatv\u00e9delmi Rendelet (679\/2016 sz. rendelet, a tov\u00e1bbiakban: GDPR) 13. cikke, valamint Az inform\u00e1ci\u00f3s \u00f6nrendelkez\u00e9si jogr\u00f3l \u00e9s az inform\u00e1ci\u00f3szabads\u00e1gr\u00f3l sz\u00f3l\u00f3 2011. \u00e9vi CXII. t\u00f6rv\u00e9ny alapj\u00e1n az al\u00e1bbi t\u00e1j\u00e9koztat\u00e1st adja:<\/p>\n<p>Adatkezel\u0151 adatai<\/p>\n<p>\u00a0<\/p>\n<p>C\u00e9gn\u00e9v:\u00a0\u00a0\u00a0\u00a0\u00a0\u00a0\u00a0\u00a0\u00a0\u00a0\u00a0\u00a0\u00a0\u00a0\u00a0\u00a0\u00a0\u00a0\u00a0\u00a0\u00a0\u00a0\u00a0\u00a0 <strong>Like Proregio Kft<\/strong><\/p>\n<p>C\u00e9gjegyz\u00e9ksz\u00e1m:\u00a0\u00a0\u00a0\u00a0\u00a0\u00a0\u00a0\u00a0\u00a0 <strong>06-09-026132<\/strong><\/p>\n<p>Sz\u00e9khely:\u00a0\u00a0\u00a0\u00a0\u00a0\u00a0\u00a0\u00a0\u00a0\u00a0\u00a0\u00a0\u00a0\u00a0\u00a0\u00a0\u00a0\u00a0\u00a0\u00a0\u00a0 <strong>6726 Szeged, Szent Gy\u00f6rgyi Albert u. 23. tet\u0151t\u00e9r 1.<\/strong><\/p>\n<p>Ad\u00f3sz\u00e1m:\u00a0\u00a0\u00a0\u00a0\u00a0\u00a0\u00a0\u00a0\u00a0\u00a0\u00a0\u00a0\u00a0\u00a0\u00a0\u00a0\u00a0\u00a0\u00a0\u00a0\u00a0 <strong>27988020-1-06<\/strong><\/p>\n<p>Feln\u0151ttk\u00e9pz\u0151k nyilv\u00e1ntart\u00e1sba v\u00e9teli sz\u00e1ma<strong>: <\/strong><strong>B\/2020\/003382<\/strong><\/p>\n<p>Weblap:\u00a0\u00a0\u00a0\u00a0\u00a0\u00a0\u00a0\u00a0\u00a0\u00a0\u00a0\u00a0\u00a0\u00a0\u00a0\u00a0\u00a0\u00a0\u00a0\u00a0\u00a0\u00a0\u00a0\u00a0 <strong>https:\/\/www.likeproregio.hu<\/strong><\/p>\n<p>Kapcsolattart\u00e1s:\u00a0\u00a0\u00a0\u00a0\u00a0\u00a0\u00a0\u00a0\u00a0\u00a0\u00a0 <strong>Locskai T\u00fcnde<\/strong><\/p>\n<p>Telefon:\u00a0\u00a0\u00a0\u00a0\u00a0\u00a0\u00a0\u00a0\u00a0\u00a0\u00a0\u00a0\u00a0\u00a0\u00a0\u00a0\u00a0\u00a0\u00a0\u00a0\u00a0\u00a0\u00a0\u00a0 +36 705037973<\/p>\n<p>E-mail:\u00a0\u00a0\u00a0\u00a0\u00a0\u00a0\u00a0\u00a0\u00a0\u00a0\u00a0\u00a0\u00a0\u00a0\u00a0\u00a0\u00a0\u00a0\u00a0\u00a0\u00a0\u00a0\u00a0\u00a0\u00a0 <a href=\"mailto:admin@likeproregio.hu\"><strong>admin@likeproregio.h<\/strong><em>u<\/em><\/a><\/p>\n<p>\u00a0\u00a0\u00a0\u00a0\u00a0\u00a0\u00a0\u00a0\u00a0\u00a0\u00a0\u00a0\u00a0\u00a0\u00a0\u00a0\u00a0\u00a0\u00a0\u00a0\u00a0\u00a0\u00a0\u00a0\u00a0\u00a0\u00a0\u00a0\u00a0\u00a0\u00a0\u00a0\u00a0\u00a0\u00a0\u00a0\u00a0 Adatv\u00e9delmi Tisztvisel\u0151:\u00a0\u00a0\u00a0\u00a0\u00a0\u00a0\u00a0\u00a0\u00a0\u00a0\u00a0\u00a0\u00a0\u00a0\u00a0\u00a0\u00a0\u00a0\u00a0\u00a0\u00a0 <strong>nincs<\/strong><\/p>\n<p><strong><br \/><br \/><\/strong><\/p>\n<p>Adatv\u00e9delmi k\u00e9relmek: amennyiben b\u00e1rmilyen k\u00e9r\u00e9se vagy k\u00e9rd\u00e9se van az adatkezel\u00e9ssel kapcsolatban, k\u00e9relm\u00e9t postai \u00faton vagy elektronikusan az al\u00e1bbi c\u00edmekre k\u00fcldheti: <a href=\"mailto:admin@likeproregio.hu\">admin@<em>likeproregio.hu<\/em><\/a><em>. <\/em>V\u00e1laszainkat k\u00e9sedelem n\u00e9lk\u00fcl, de legfeljebb 30 napon bel\u00fcl k\u00fcldj\u00fck az \u00d6n \u00e1ltal k\u00e9rt c\u00edmre.<\/p>\n<p>Adatfeldolgoz\u00e1s:\u00a0\u00a0\u00a0\u00a0\u00a0\u00a0\u00a0\u00a0\u00a0\u00a0\u00a0\u00a0\u00a0\u00a0\u00a0\u00a0\u00a0\u00a0\u00a0\u00a0\u00a0 adatfeldolgoz\u00f3 ig\u00e9nybev\u00e9tele nem t\u00f6rt\u00e9nik.<\/p>\n<p>K\u00fclf\u00f6ldi adattov\u00e1bb\u00edt\u00e1s:\u00a0\u00a0\u00a0\u00a0\u00a0\u00a0\u00a0\u00a0\u00a0\u00a0 nem t\u00f6rt\u00e9nik k\u00fclf\u00f6ldre tov\u00e1bb\u00edt\u00e1s.<\/p>\n<p>\u00a0<\/p>\n<ol>\n<li><strong>Adatkezel\u00e9si c\u00e9lok<\/strong><\/li>\n<\/ol>\n<p>Az adatkezel\u0151 az al\u00e1bbi c\u00e9lokb\u00f3l v\u00e9gez adatkezel\u00e9st a jogszab\u00e1lyokkal \u00f6sszhangban:<\/p>\n<ol>\n<li>a) Feln\u0151ttk\u00e9pz\u00e9si \u00e9s egy\u00e9b oktat\u00e1si tev\u00e9kenys\u00e9gben r\u00e9sztvev\u0151k szem\u00e9lyes adatait jogi k\u00f6telezetts\u00e9g teljes\u00edt\u00e9se \u00e9s \u00fcgyf\u00e9lkapcsolat fenntart\u00e1sa c\u00e9lj\u00e1b\u00f3l kezelj\u00fck;<\/li>\n<\/ol>\n<ol>\n<li>b) Lehets\u00e9ges \u00fcgyfelek sz\u00e1m\u00e1ra marketingtev\u00e9kenys\u00e9g;<\/li>\n<\/ol>\n<ol>\n<li>c) Munkav\u00e1llal\u00f3k \u00e9s p\u00e1ly\u00e1z\u00f3k adatainak kezel\u00e9se;<\/li>\n<\/ol>\n<ol>\n<li>d) Partnerek kapcsolattart\u00f3i adatainak kezel\u00e9se;<\/li>\n<\/ol>\n<ol>\n<li>e) Bels\u0151 adminisztr\u00e1ci\u00f3 megk\u00f6nny\u00edt\u00e9se.<\/li>\n<\/ol>\n<ol start=\"2\">\n<li><strong>Jogalapok az \u00d6n szem\u00e9lyes adatainak felhaszn\u00e1l\u00e1shoz<\/strong><\/li>\n<\/ol>\n<p>Az \u00d6n szem\u00e9lyes adatainak haszn\u00e1lat\u00e1t az al\u00e1bbiak alapozz\u00e1k meg, mint jogalapok:<\/p>\n<ol start=\"6\">\n<li>a) A sz\u00e1mviteli jogszab\u00e1lyoknak megfelel\u0151 sz\u00e1mla ki\u00e1ll\u00edt\u00e1sa: jogalap: GDPR 6. cikk (1) bekezd\u00e9s c) pont<\/li>\n<\/ol>\n<ol start=\"6\">\n<li>b) Kapcsolattart\u00e1s: jogalap: GDPR 6. cikk (1) bekezd\u00e9s f) pont. A partnerek munkav\u00e1llal\u00f3inak, alkalmazottainak adatai eset\u00e9ben az adatkezel\u00e9s jogalapja, \u00e9rdekm\u00e9rlegel\u00e9s. Az adatkezel\u0151 jogos \u00e9rdeke: \u00fczletmenet folytonoss\u00e1g.<\/li>\n<\/ol>\n<ol start=\"6\">\n<li>c) Munkav\u00e1llal\u00f3k adatainak kezel\u00e9se: GDPR 6. cikk (1) bekezd\u00e9s b), c) pontok.<\/li>\n<\/ol>\n<ol start=\"6\">\n<li>d) Szerz\u0151d\u00e9ses partnerek adatainak kezel\u00e9se: jogalap GDPR 6. cikk (1) bekezd\u00e9s b) pont<\/li>\n<\/ol>\n<ol start=\"6\">\n<li>e) Marketing tev\u00e9kenys\u00e9g: jogalap: GDPR 6. cikk (1) bekezd\u00e9s a) pont.<\/li>\n<\/ol>\n<p>\u00a0\u00a0\u00a0\u00a0 Marketing tev\u00e9kenys\u00e9g c\u00e9lj\u00e1b\u00f3l facebook oldal is \u00fczemel, azonban \u00f6n\u00e1ll\u00f3 adatb\u00e1zis l\u00e9trehoz\u00e1sa, profilalkot\u00e1s nem t\u00f6rt\u00e9nik.<\/p>\n<ol start=\"6\">\n<li>f) On-line regisztr\u00e1ci\u00f3 jogalap: GDPR 6. cikk (1) bekezd\u00e9s a) pont<\/li>\n<\/ol>\n<ol start=\"6\">\n<li>g) Biztons\u00e1gi kamera \u00fczemeltet\u00e9se jogalap: GDPR 6. cikk (1) bekezd\u00e9s f) pont. Az adatkezel\u0151 jogos \u00e9rdeke: vagyonv\u00e9delem, munkav\u00e1llal\u00f3k eset\u00e9ben az Mt.-ben meghat\u00e1rozott munk\u00e1ltat\u00f3i jogos \u00e9rdek.<\/li>\n<\/ol>\n<p>A b) \u00e9s g) pontban szerepl\u0151 \u00e9rdekm\u00e9rlegel\u00e9si tesztek az <a href=\"mailto:%20admin@likeprogregio.hu%20\"> admin@likeprogregio.hu <\/a>e-mail c\u00edmre k\u00fcld\u00f6tt k\u00e9relem eset\u00e9n tekinthet\u0151k meg.<\/p>\n<!-- wp:heading --><!-- \/wp:paragraph -->\t\t\t\t\t\t<\/div>\n\t\t\t\t<\/div>\n\t\t\t\t\t<\/div>\n\t\t\t\t<\/div>\n\t\t\t\t\t\t\t<\/div>\n\t\t","protected":false},"excerpt":{"rendered":"<p>Adatkezel\u00e9si t\u00e1j\u00e9koztat\u00f3 Like Proregio Kft. K\u00e9rj\u00fck, figyelmesen olvassa el a T\u00e1j\u00e9koztat\u00f3t, annak \u00e9rdek\u00e9ben, hogy meg\u00e9rtse, hogy hogyan kezelj\u00fck a szem\u00e9lyes adatait \u00e9s megismerje az adatkezel\u00e9ssel kapcsolatos jogait. Like Proregio Kft. adatkezel\u0151k\u00e9nt tiszteletben tartja mindazon szem\u00e9lyek mag\u00e1nszf\u00e9r\u00e1j\u00e1t, akik sz\u00e1m\u00e1ra szem\u00e9lyes adatot adnak \u00e1t \u00e9s elk\u00f6telezett ezek v\u00e9delm\u00e9ben. Az Eur\u00f3pai Uni\u00f3 \u00c1ltal\u00e1nos Adatv\u00e9delmi Rendelet (679\/2016 sz. rendelet, [&hellip;]<\/p>\n","protected":false},"author":1,"featured_media":0,"parent":0,"menu_order":0,"comment_status":"closed","ping_status":"open","template":"elementor_header_footer","meta":{"footnotes":""},"_links":{"self":[{"href":"https:\/\/www.likeproregio.hu\/index.php\/wp-json\/wp\/v2\/pages\/3"}],"collection":[{"href":"https:\/\/www.likeproregio.hu\/index.php\/wp-json\/wp\/v2\/pages"}],"about":[{"href":"https:\/\/www.likeproregio.hu\/index.php\/wp-json\/wp\/v2\/types\/page"}],"author":[{"embeddable":true,"href":"https:\/\/www.likeproregio.hu\/index.php\/wp-json\/wp\/v2\/users\/1"}],"replies":[{"embeddable":true,"href":"https:\/\/www.likeproregio.hu\/index.php\/wp-json\/wp\/v2\/comments?post=3"}],"version-history":[{"count":3,"href":"https:\/\/www.likeproregio.hu\/index.php\/wp-json\/wp\/v2\/pages\/3\/revisions"}],"predecessor-version":[{"id":221,"href":"https:\/\/www.likeproregio.hu\/index.php\/wp-json\/wp\/v2\/pages\/3\/revisions\/221"}],"wp:attachment":[{"href":"https:\/\/www.likeproregio.hu\/index.php\/wp-json\/wp\/v2\/media?parent=3"}],"curies":[{"name":"wp","href":"https:\/\/api.w.org\/{rel}","templated":true}]}}