{"id":351,"date":"2024-04-09T12:56:19","date_gmt":"2024-04-09T10:56:19","guid":{"rendered":"https:\/\/www.likeproregio.hu\/?page_id=351"},"modified":"2024-04-09T13:06:40","modified_gmt":"2024-04-09T11:06:40","slug":"a-vilag-nyelvtanuloit-lenyugozo-magyar-alkalmazas-a-xeropan","status":"publish","type":"page","link":"https:\/\/www.likeproregio.hu\/index.php\/a-vilag-nyelvtanuloit-lenyugozo-magyar-alkalmazas-a-xeropan\/","title":{"rendered":"A vil\u00e1g nyelvtanul\u00f3it leny\u0171g\u00f6z\u0151 magyar alkalmaz\u00e1s a Xeropan"},"content":{"rendered":"\t\t<div data-elementor-type=\"wp-page\" data-elementor-id=\"351\" class=\"elementor elementor-351\">\n\t\t\t\t\t\t\t<div class=\"elementor-element elementor-element-3352d0a e-flex e-con-boxed e-con e-parent\" data-id=\"3352d0a\" data-element_type=\"container\" data-settings=\"{&quot;content_width&quot;:&quot;boxed&quot;}\" data-core-v316-plus=\"true\">\n\t\t\t\t\t<div class=\"e-con-inner\">\n\t\t\t\t<div class=\"elementor-element elementor-element-b5c8fcd elementor-widget elementor-widget-spacer\" data-id=\"b5c8fcd\" data-element_type=\"widget\" data-widget_type=\"spacer.default\">\n\t\t\t\t<div class=\"elementor-widget-container\">\n\t\t\t<style>\/*! elementor - v3.18.0 - 08-12-2023 *\/\n.elementor-column .elementor-spacer-inner{height:var(--spacer-size)}.e-con{--container-widget-width:100%}.e-con-inner>.elementor-widget-spacer,.e-con>.elementor-widget-spacer{width:var(--container-widget-width,var(--spacer-size));--align-self:var(--container-widget-align-self,initial);--flex-shrink:0}.e-con-inner>.elementor-widget-spacer>.elementor-widget-container,.e-con>.elementor-widget-spacer>.elementor-widget-container{height:100%;width:100%}.e-con-inner>.elementor-widget-spacer>.elementor-widget-container>.elementor-spacer,.e-con>.elementor-widget-spacer>.elementor-widget-container>.elementor-spacer{height:100%}.e-con-inner>.elementor-widget-spacer>.elementor-widget-container>.elementor-spacer>.elementor-spacer-inner,.e-con>.elementor-widget-spacer>.elementor-widget-container>.elementor-spacer>.elementor-spacer-inner{height:var(--container-widget-height,var(--spacer-size))}.e-con-inner>.elementor-widget-spacer.elementor-widget-empty,.e-con>.elementor-widget-spacer.elementor-widget-empty{position:relative;min-height:22px;min-width:22px}.e-con-inner>.elementor-widget-spacer.elementor-widget-empty .elementor-widget-empty-icon,.e-con>.elementor-widget-spacer.elementor-widget-empty .elementor-widget-empty-icon{position:absolute;top:0;bottom:0;left:0;right:0;margin:auto;padding:0;width:22px;height:22px}<\/style>\t\t<div class=\"elementor-spacer\">\n\t\t\t<div class=\"elementor-spacer-inner\"><\/div>\n\t\t<\/div>\n\t\t\t\t<\/div>\n\t\t\t\t<\/div>\n\t\t\t\t\t<\/div>\n\t\t\t\t<\/div>\n\t\t<div class=\"elementor-element elementor-element-64e4efc e-flex e-con-boxed e-con e-parent\" data-id=\"64e4efc\" data-element_type=\"container\" data-settings=\"{&quot;content_width&quot;:&quot;boxed&quot;}\" data-core-v316-plus=\"true\">\n\t\t\t\t\t<div class=\"e-con-inner\">\n\t\t\t\t<div class=\"elementor-element elementor-element-efe5e81 elementor-widget elementor-widget-heading\" data-id=\"efe5e81\" data-element_type=\"widget\" data-widget_type=\"heading.default\">\n\t\t\t\t<div class=\"elementor-widget-container\">\n\t\t\t<style>\/*! elementor - v3.18.0 - 08-12-2023 *\/\n.elementor-heading-title{padding:0;margin:0;line-height:1}.elementor-widget-heading .elementor-heading-title[class*=elementor-size-]>a{color:inherit;font-size:inherit;line-height:inherit}.elementor-widget-heading .elementor-heading-title.elementor-size-small{font-size:15px}.elementor-widget-heading .elementor-heading-title.elementor-size-medium{font-size:19px}.elementor-widget-heading .elementor-heading-title.elementor-size-large{font-size:29px}.elementor-widget-heading .elementor-heading-title.elementor-size-xl{font-size:39px}.elementor-widget-heading .elementor-heading-title.elementor-size-xxl{font-size:59px}<\/style><h2 class=\"elementor-heading-title elementor-size-default\">A vil\u00e1g nyelvtanul\u00f3it leny\u0171g\u00f6z\u0151 magyar alkalmaz\u00e1s a Xeropan<\/h2>\t\t<\/div>\n\t\t\t\t<\/div>\n\t\t\t\t\t<\/div>\n\t\t\t\t<\/div>\n\t\t<div class=\"elementor-element elementor-element-5158068 e-flex e-con-boxed e-con e-parent\" data-id=\"5158068\" data-element_type=\"container\" data-settings=\"{&quot;content_width&quot;:&quot;boxed&quot;}\" data-core-v316-plus=\"true\">\n\t\t\t\t\t<div class=\"e-con-inner\">\n\t\t<div class=\"elementor-element elementor-element-4100aaa e-con-full e-flex e-con e-child\" data-id=\"4100aaa\" data-element_type=\"container\" data-settings=\"{&quot;content_width&quot;:&quot;full&quot;}\">\n\t\t\t\t<div class=\"elementor-element elementor-element-fc4e7a6 elementor-widget elementor-widget-image\" data-id=\"fc4e7a6\" data-element_type=\"widget\" data-widget_type=\"image.default\">\n\t\t\t\t<div class=\"elementor-widget-container\">\n\t\t\t<style>\/*! elementor - v3.18.0 - 08-12-2023 *\/\n.elementor-widget-image{text-align:center}.elementor-widget-image a{display:inline-block}.elementor-widget-image a img[src$=\".svg\"]{width:48px}.elementor-widget-image img{vertical-align:middle;display:inline-block}<\/style>\t\t\t\t\t\t\t\t\t\t\t\t<img fetchpriority=\"high\" decoding=\"async\" width=\"800\" height=\"800\" src=\"https:\/\/www.likeproregio.hu\/wp-content\/uploads\/2024\/04\/headphone-2.jpeg\" class=\"attachment-large size-large wp-image-355\" alt=\"\" srcset=\"https:\/\/www.likeproregio.hu\/wp-content\/uploads\/2024\/04\/headphone-2.jpeg 1024w, https:\/\/www.likeproregio.hu\/wp-content\/uploads\/2024\/04\/headphone-2-300x300.jpeg 300w, https:\/\/www.likeproregio.hu\/wp-content\/uploads\/2024\/04\/headphone-2-150x150.jpeg 150w, https:\/\/www.likeproregio.hu\/wp-content\/uploads\/2024\/04\/headphone-2-768x768.jpeg 768w\" sizes=\"(max-width: 800px) 100vw, 800px\" \/>\t\t\t\t\t\t\t\t\t\t\t\t\t\t\t<\/div>\n\t\t\t\t<\/div>\n\t\t\t\t<\/div>\n\t\t<div class=\"elementor-element elementor-element-2ab8476 e-con-full e-flex e-con e-child\" data-id=\"2ab8476\" data-element_type=\"container\" data-settings=\"{&quot;content_width&quot;:&quot;full&quot;}\">\n\t\t\t\t<div class=\"elementor-element elementor-element-4fe1844 elementor-widget elementor-widget-text-editor\" data-id=\"4fe1844\" data-element_type=\"widget\" data-widget_type=\"text-editor.default\">\n\t\t\t\t<div class=\"elementor-widget-container\">\n\t\t\t<style>\/*! elementor - v3.18.0 - 08-12-2023 *\/\n.elementor-widget-text-editor.elementor-drop-cap-view-stacked .elementor-drop-cap{background-color:#69727d;color:#fff}.elementor-widget-text-editor.elementor-drop-cap-view-framed .elementor-drop-cap{color:#69727d;border:3px solid;background-color:transparent}.elementor-widget-text-editor:not(.elementor-drop-cap-view-default) .elementor-drop-cap{margin-top:8px}.elementor-widget-text-editor:not(.elementor-drop-cap-view-default) .elementor-drop-cap-letter{width:1em;height:1em}.elementor-widget-text-editor .elementor-drop-cap{float:left;text-align:center;line-height:1;font-size:50px}.elementor-widget-text-editor .elementor-drop-cap-letter{display:inline-block}<\/style>\t\t\t\t<div class=\"flex flex-grow flex-col max-w-full\"><div class=\"min-h-[20px] text-message flex flex-col items-start gap-3 whitespace-pre-wrap break-words [.text-message+&amp;]:mt-5 overflow-x-auto\" dir=\"auto\" data-message-author-role=\"assistant\" data-message-id=\"99fa9e7c-08e0-44cf-bf14-171baef258f5\"><div class=\"markdown prose w-full break-words dark:prose-invert light\"><p>Ma m\u00e1r sz\u00e1mos lehet\u0151s\u00e9g\u00fcnk van nyelvek tanul\u00e1s\u00e1ra an\u00e9lk\u00fcl, hogy el kellene hagynunk otthonunkat. T\u00f6bb alkalmaz\u00e1s \u00e9s weboldal is seg\u00edti az online nyelvtanul\u00e1st, \u00edgy ak\u00e1r sorban \u00e1ll\u00e1s k\u00f6zben is fejleszthetj\u00fck nyelvtud\u00e1sunkat. Fontos azonban alaposan t\u00e1j\u00e9koz\u00f3dni az el\u00e9rhet\u0151 lehet\u0151s\u00e9gekr\u0151l, mivel ami egy k\u00fclf\u00f6ldi nyelvtanul\u00f3nak j\u00f3l bev\u00e1lt m\u00f3dszer, az egy magyar nyelvtanul\u00f3 sz\u00e1m\u00e1ra nem biztos, hogy ugyanolyan hat\u00e9kony. Emellett fontos szempont lehet az is, hogy az alkalmaz\u00e1s m\u00f6g\u00f6tt szak\u00e9rt\u0151i csapat \u00e1lljon, mivel sok alkalmaz\u00e1s automatiz\u00e1lt m\u00f3don m\u0171k\u00f6dik, ami cs\u00f6kkentheti a hat\u00e9konys\u00e1got. A Xeropan alkalmaz\u00e1s tananyag\u00e1t tapasztalt pedag\u00f3gusok \u00e9s m\u00f3dszertani szakemberek \u00e1ll\u00edtott\u00e1k \u00f6ssze, m\u00edg az informatikai fejleszt\u0151k olyan keretrendszert \u00e9s diz\u00e1jnt hoztak l\u00e9tre, amely napjaink elv\u00e1r\u00e1sainak maxim\u00e1lisan megfelel, \u00e9s kiemelked\u0151 felhaszn\u00e1l\u00f3i \u00e9lm\u00e9nyt ny\u00fajt.<\/p><\/div><\/div><\/div><div class=\"mt-1 flex gap-3 empty:hidden\"><div class=\"text-gray-400 flex self-end lg:self-center items-center justify-center lg:justify-start mt-0 -ml-1 h-7 gap-[2px] visible\">\u00a0<\/div><\/div><div class=\"flex\"><div class=\"flex flex-grow flex-col max-w-full\"><div class=\"min-h-[20px] text-message flex flex-col items-start gap-3 whitespace-pre-wrap break-words [.text-message+&amp;]:mt-5 overflow-x-auto\" dir=\"auto\" data-message-author-role=\"assistant\" data-message-id=\"c56a25cf-13f8-443d-95d6-e10c980177c2\"><div class=\"markdown prose w-full break-words dark:prose-invert light\"><p>Az alkalmaz\u00e1s kiemelt figyelmet ford\u00edt a kiejt\u00e9sfejleszt\u00e9sre, mivel sokan visszariadnak att\u00f3l, hogy megsz\u00f3laljanak idegen nyelven, tartva a helytelen kiejt\u00e9st\u0151l. Ennek \u00e9rdek\u00e9ben k\u00fcl\u00f6n gyakorlatok \u00e9rhet\u0151ek el az appban, amely k\u00e9pes a besz\u00e9d ellen\u0151rz\u00e9s\u00e9re is, \u00edgy a tanul\u00f3 pontos visszajelz\u00e9st kap a kiejt\u00e9s\u00e9vel kapcsolatban. A mesters\u00e9ges intelligencia r\u00e9v\u00e9n az alkalmaz\u00e1s lehet\u0151v\u00e9 teszi, hogy r\u00e9szt vegy\u00fcnk \u00e9l\u0151besz\u00e9lget\u00e9sekben h\u00e9tk\u00f6znapi szitu\u00e1ci\u00f3kban, p\u00e9ld\u00e1ul bemutatkoz\u00e1skor, ruhav\u00e1s\u00e1rl\u00e1skor vagy szobafoglal\u00e1skor. Az app egy n\u00e9gyhetes tanul\u00e1si tervet k\u00edn\u00e1l, amely seg\u00edt a tanul\u00f3nak meg\u00e9rteni, hogy egy h\u00f3nap alatt milyen c\u00e9lokat \u00e9rhet el, p\u00e9ld\u00e1ul k\u00e9pes lesz meg\u00e9rteni kedvenc zenesz\u00e1mait vagy \u00edrhat bejegyz\u00e9seket idegen nyelven a k\u00f6z\u00f6ss\u00e9gi m\u00e9di\u00e1ban. Az \u00faj funkci\u00f3k minden di\u00e1k sz\u00e1m\u00e1ra ingyenesen el\u00e9rhet\u0151ek a KR\u00c9TA fel\u00fclet\u00e9n tal\u00e1lhat\u00f3 Idegennyelvi Felk\u00e9sz\u00edt\u0151 Modulban (IFM) is.<\/p><\/div><\/div><\/div><\/div>\t\t\t\t\t\t<\/div>\n\t\t\t\t<\/div>\n\t\t\t\t<\/div>\n\t\t\t\t\t<\/div>\n\t\t\t\t<\/div>\n\t\t<div class=\"elementor-element elementor-element-b307f05 e-flex e-con-boxed e-con e-parent\" data-id=\"b307f05\" data-element_type=\"container\" data-settings=\"{&quot;content_width&quot;:&quot;boxed&quot;}\" data-core-v316-plus=\"true\">\n\t\t\t\t\t<div class=\"e-con-inner\">\n\t\t\t\t<div class=\"elementor-element elementor-element-f8eb0fc elementor-widget elementor-widget-button\" data-id=\"f8eb0fc\" data-element_type=\"widget\" data-widget_type=\"button.default\">\n\t\t\t\t<div class=\"elementor-widget-container\">\n\t\t\t\t\t<div class=\"elementor-button-wrapper\">\n\t\t\t<a class=\"elementor-button elementor-button-link elementor-size-sm\" href=\"https:\/\/www.likeproregio.hu\/\">\n\t\t\t\t\t\t<span class=\"elementor-button-content-wrapper\">\n\t\t\t\t\t\t<span class=\"elementor-button-text\">Vissza<\/span>\n\t\t<\/span>\n\t\t\t\t\t<\/a>\n\t\t<\/div>\n\t\t\t\t<\/div>\n\t\t\t\t<\/div>\n\t\t\t\t\t<\/div>\n\t\t\t\t<\/div>\n\t\t\t\t\t\t\t<\/div>\n\t\t","protected":false},"excerpt":{"rendered":"<p>A vil\u00e1g nyelvtanul\u00f3it leny\u0171g\u00f6z\u0151 magyar alkalmaz\u00e1s a Xeropan Ma m\u00e1r sz\u00e1mos lehet\u0151s\u00e9g\u00fcnk van nyelvek tanul\u00e1s\u00e1ra an\u00e9lk\u00fcl, hogy el kellene hagynunk otthonunkat. T\u00f6bb alkalmaz\u00e1s \u00e9s weboldal is seg\u00edti az online nyelvtanul\u00e1st, \u00edgy ak\u00e1r sorban \u00e1ll\u00e1s k\u00f6zben is fejleszthetj\u00fck nyelvtud\u00e1sunkat. Fontos azonban alaposan t\u00e1j\u00e9koz\u00f3dni az el\u00e9rhet\u0151 lehet\u0151s\u00e9gekr\u0151l, mivel ami egy k\u00fclf\u00f6ldi nyelvtanul\u00f3nak j\u00f3l bev\u00e1lt m\u00f3dszer, az egy [&hellip;]<\/p>\n","protected":false},"author":1,"featured_media":0,"parent":0,"menu_order":0,"comment_status":"closed","ping_status":"closed","template":"elementor_header_footer","meta":{"footnotes":""},"_links":{"self":[{"href":"https:\/\/www.likeproregio.hu\/index.php\/wp-json\/wp\/v2\/pages\/351"}],"collection":[{"href":"https:\/\/www.likeproregio.hu\/index.php\/wp-json\/wp\/v2\/pages"}],"about":[{"href":"https:\/\/www.likeproregio.hu\/index.php\/wp-json\/wp\/v2\/types\/page"}],"author":[{"embeddable":true,"href":"https:\/\/www.likeproregio.hu\/index.php\/wp-json\/wp\/v2\/users\/1"}],"replies":[{"embeddable":true,"href":"https:\/\/www.likeproregio.hu\/index.php\/wp-json\/wp\/v2\/comments?post=351"}],"version-history":[{"count":7,"href":"https:\/\/www.likeproregio.hu\/index.php\/wp-json\/wp\/v2\/pages\/351\/revisions"}],"predecessor-version":[{"id":361,"href":"https:\/\/www.likeproregio.hu\/index.php\/wp-json\/wp\/v2\/pages\/351\/revisions\/361"}],"wp:attachment":[{"href":"https:\/\/www.likeproregio.hu\/index.php\/wp-json\/wp\/v2\/media?parent=351"}],"curies":[{"name":"wp","href":"https:\/\/api.w.org\/{rel}","templated":true}]}}