{"id":84,"date":"2023-12-21T11:21:31","date_gmt":"2023-12-21T10:21:31","guid":{"rendered":"https:\/\/www.likeproregio.hu\/?page_id=84"},"modified":"2023-12-31T16:18:18","modified_gmt":"2023-12-31T15:18:18","slug":"e-design","status":"publish","type":"page","link":"https:\/\/www.likeproregio.hu\/index.php\/e-design\/","title":{"rendered":"E-design"},"content":{"rendered":"\t\t<div data-elementor-type=\"wp-page\" data-elementor-id=\"84\" class=\"elementor elementor-84\">\n\t\t\t\t\t\t\t<div class=\"elementor-element elementor-element-9fe5996 e-flex e-con-boxed e-con e-parent\" data-id=\"9fe5996\" data-element_type=\"container\" data-settings=\"{&quot;content_width&quot;:&quot;boxed&quot;}\" data-core-v316-plus=\"true\">\n\t\t\t\t\t<div class=\"e-con-inner\">\n\t\t\t\t<div class=\"elementor-element elementor-element-ac8a585 elementor-widget elementor-widget-spacer\" data-id=\"ac8a585\" data-element_type=\"widget\" data-widget_type=\"spacer.default\">\n\t\t\t\t<div class=\"elementor-widget-container\">\n\t\t\t<style>\/*! elementor - v3.18.0 - 08-12-2023 *\/\n.elementor-column .elementor-spacer-inner{height:var(--spacer-size)}.e-con{--container-widget-width:100%}.e-con-inner>.elementor-widget-spacer,.e-con>.elementor-widget-spacer{width:var(--container-widget-width,var(--spacer-size));--align-self:var(--container-widget-align-self,initial);--flex-shrink:0}.e-con-inner>.elementor-widget-spacer>.elementor-widget-container,.e-con>.elementor-widget-spacer>.elementor-widget-container{height:100%;width:100%}.e-con-inner>.elementor-widget-spacer>.elementor-widget-container>.elementor-spacer,.e-con>.elementor-widget-spacer>.elementor-widget-container>.elementor-spacer{height:100%}.e-con-inner>.elementor-widget-spacer>.elementor-widget-container>.elementor-spacer>.elementor-spacer-inner,.e-con>.elementor-widget-spacer>.elementor-widget-container>.elementor-spacer>.elementor-spacer-inner{height:var(--container-widget-height,var(--spacer-size))}.e-con-inner>.elementor-widget-spacer.elementor-widget-empty,.e-con>.elementor-widget-spacer.elementor-widget-empty{position:relative;min-height:22px;min-width:22px}.e-con-inner>.elementor-widget-spacer.elementor-widget-empty .elementor-widget-empty-icon,.e-con>.elementor-widget-spacer.elementor-widget-empty .elementor-widget-empty-icon{position:absolute;top:0;bottom:0;left:0;right:0;margin:auto;padding:0;width:22px;height:22px}<\/style>\t\t<div class=\"elementor-spacer\">\n\t\t\t<div class=\"elementor-spacer-inner\"><\/div>\n\t\t<\/div>\n\t\t\t\t<\/div>\n\t\t\t\t<\/div>\n\t\t\t\t\t<\/div>\n\t\t\t\t<\/div>\n\t\t<div class=\"elementor-element elementor-element-287f9a0 e-flex e-con-boxed e-con e-parent\" data-id=\"287f9a0\" data-element_type=\"container\" data-settings=\"{&quot;content_width&quot;:&quot;boxed&quot;}\" data-core-v316-plus=\"true\">\n\t\t\t\t\t<div class=\"e-con-inner\">\n\t\t\t\t<div class=\"elementor-element elementor-element-3cbaa29 elementor-widget elementor-widget-heading\" data-id=\"3cbaa29\" data-element_type=\"widget\" data-widget_type=\"heading.default\">\n\t\t\t\t<div class=\"elementor-widget-container\">\n\t\t\t<style>\/*! elementor - v3.18.0 - 08-12-2023 *\/\n.elementor-heading-title{padding:0;margin:0;line-height:1}.elementor-widget-heading .elementor-heading-title[class*=elementor-size-]>a{color:inherit;font-size:inherit;line-height:inherit}.elementor-widget-heading .elementor-heading-title.elementor-size-small{font-size:15px}.elementor-widget-heading .elementor-heading-title.elementor-size-medium{font-size:19px}.elementor-widget-heading .elementor-heading-title.elementor-size-large{font-size:29px}.elementor-widget-heading .elementor-heading-title.elementor-size-xl{font-size:39px}.elementor-widget-heading .elementor-heading-title.elementor-size-xxl{font-size:59px}<\/style><h2 class=\"elementor-heading-title elementor-size-default\">E-design k\u00e9pz\u00e9s<\/h2>\t\t<\/div>\n\t\t\t\t<\/div>\n\t\t\t\t\t<\/div>\n\t\t\t\t<\/div>\n\t\t<div class=\"elementor-element elementor-element-929630d e-flex e-con-boxed e-con e-parent\" data-id=\"929630d\" data-element_type=\"container\" data-settings=\"{&quot;content_width&quot;:&quot;boxed&quot;}\" data-core-v316-plus=\"true\">\n\t\t\t\t\t<div class=\"e-con-inner\">\n\t\t<div class=\"elementor-element elementor-element-ed24d2e e-con-full e-flex e-con e-child\" data-id=\"ed24d2e\" data-element_type=\"container\" data-settings=\"{&quot;content_width&quot;:&quot;full&quot;}\">\n\t\t\t\t<div class=\"elementor-element elementor-element-05b4467 elementor-widget elementor-widget-image\" data-id=\"05b4467\" data-element_type=\"widget\" data-widget_type=\"image.default\">\n\t\t\t\t<div class=\"elementor-widget-container\">\n\t\t\t<style>\/*! elementor - v3.18.0 - 08-12-2023 *\/\n.elementor-widget-image{text-align:center}.elementor-widget-image a{display:inline-block}.elementor-widget-image a img[src$=\".svg\"]{width:48px}.elementor-widget-image img{vertical-align:middle;display:inline-block}<\/style>\t\t\t\t\t\t\t\t\t\t\t\t<img fetchpriority=\"high\" decoding=\"async\" width=\"683\" height=\"1024\" src=\"https:\/\/www.likeproregio.hu\/wp-content\/uploads\/2023\/12\/pexels-yan-krukau-7793687-683x1024.jpg\" class=\"attachment-large size-large wp-image-91\" alt=\"CSAPAT\" srcset=\"https:\/\/www.likeproregio.hu\/wp-content\/uploads\/2023\/12\/pexels-yan-krukau-7793687-683x1024.jpg 683w, https:\/\/www.likeproregio.hu\/wp-content\/uploads\/2023\/12\/pexels-yan-krukau-7793687-200x300.jpg 200w, https:\/\/www.likeproregio.hu\/wp-content\/uploads\/2023\/12\/pexels-yan-krukau-7793687-768x1152.jpg 768w, https:\/\/www.likeproregio.hu\/wp-content\/uploads\/2023\/12\/pexels-yan-krukau-7793687-1024x1536.jpg 1024w, https:\/\/www.likeproregio.hu\/wp-content\/uploads\/2023\/12\/pexels-yan-krukau-7793687-1366x2048.jpg 1366w, https:\/\/www.likeproregio.hu\/wp-content\/uploads\/2023\/12\/pexels-yan-krukau-7793687-scaled.jpg 1707w\" sizes=\"(max-width: 683px) 100vw, 683px\" \/>\t\t\t\t\t\t\t\t\t\t\t\t\t\t\t<\/div>\n\t\t\t\t<\/div>\n\t\t\t\t<\/div>\n\t\t<div class=\"elementor-element elementor-element-47baa5c e-con-full e-flex e-con e-child\" data-id=\"47baa5c\" data-element_type=\"container\" data-settings=\"{&quot;content_width&quot;:&quot;full&quot;}\">\n\t\t\t\t<div class=\"elementor-element elementor-element-a4b4a86 elementor-widget elementor-widget-text-editor\" data-id=\"a4b4a86\" data-element_type=\"widget\" data-widget_type=\"text-editor.default\">\n\t\t\t\t<div class=\"elementor-widget-container\">\n\t\t\t<style>\/*! elementor - v3.18.0 - 08-12-2023 *\/\n.elementor-widget-text-editor.elementor-drop-cap-view-stacked .elementor-drop-cap{background-color:#69727d;color:#fff}.elementor-widget-text-editor.elementor-drop-cap-view-framed .elementor-drop-cap{color:#69727d;border:3px solid;background-color:transparent}.elementor-widget-text-editor:not(.elementor-drop-cap-view-default) .elementor-drop-cap{margin-top:8px}.elementor-widget-text-editor:not(.elementor-drop-cap-view-default) .elementor-drop-cap-letter{width:1em;height:1em}.elementor-widget-text-editor .elementor-drop-cap{float:left;text-align:center;line-height:1;font-size:50px}.elementor-widget-text-editor .elementor-drop-cap-letter{display:inline-block}<\/style>\t\t\t\t<p>Szeretn\u00e9l otthonosan mozogni az internetes vil\u00e1gban, \u00f6n\u00e1ll\u00f3an elk\u00e9sz\u00edteni \u00e9s kezelni egy weboldalt, internetes tartalmakat k\u00e9sz\u00edteni \u00e9s k\u00f6zz\u00e9tenni? J\u00f3 helyen j\u00e1rsz, n\u00e1lunk mindezt megtanulhatod otthonr\u00f3l, online oktat\u00e1sunk keret\u00e9ben.<\/p><p>\u00a0\u00a0\u00a0\u00a0\u00a0\u00a0\u00a0\u00a0\u00a0\u00a0\u00a0\u00a0\u00a0\u00a0\u00a0\u00a0\u00a0\u00a0\u00a0\u00a0\u00a0\u00a0\u00a0\u00a0\u00a0\u00a0\u00a0\u00a0 <strong>Az \u00f3r\u00e1k \u00e9l\u0151 zoomos k\u00e9pz\u00e9sek!<\/strong><\/p>\t\t\t\t\t\t<\/div>\n\t\t\t\t<\/div>\n\t\t\t\t<\/div>\n\t\t\t\t\t<\/div>\n\t\t\t\t<\/div>\n\t\t<div class=\"elementor-element elementor-element-53c0485 e-flex e-con-boxed e-con e-parent\" data-id=\"53c0485\" data-element_type=\"container\" data-settings=\"{&quot;background_background&quot;:&quot;classic&quot;,&quot;content_width&quot;:&quot;boxed&quot;}\" data-core-v316-plus=\"true\">\n\t\t\t\t\t<div class=\"e-con-inner\">\n\t\t\t\t<div class=\"elementor-element elementor-element-ebffd7c elementor-widget elementor-widget-heading\" data-id=\"ebffd7c\" data-element_type=\"widget\" data-widget_type=\"heading.default\">\n\t\t\t\t<div class=\"elementor-widget-container\">\n\t\t\t<h2 class=\"elementor-heading-title elementor-size-default\">MIT NY\u00daJT NEKED AZ E-DESIGN K\u00c9PZ\u00c9S\u00dcNK?<\/h2>\t\t<\/div>\n\t\t\t\t<\/div>\n\t\t\t\t\t<\/div>\n\t\t\t\t<\/div>\n\t\t<div class=\"elementor-element elementor-element-7d5d3a3 e-flex e-con-boxed e-con e-parent\" data-id=\"7d5d3a3\" data-element_type=\"container\" data-settings=\"{&quot;content_width&quot;:&quot;boxed&quot;}\" data-core-v316-plus=\"true\">\n\t\t\t\t\t<div class=\"e-con-inner\">\n\t\t\t\t<div class=\"elementor-element elementor-element-483889d elementor-widget elementor-widget-spacer\" data-id=\"483889d\" data-element_type=\"widget\" data-widget_type=\"spacer.default\">\n\t\t\t\t<div class=\"elementor-widget-container\">\n\t\t\t\t\t<div class=\"elementor-spacer\">\n\t\t\t<div class=\"elementor-spacer-inner\"><\/div>\n\t\t<\/div>\n\t\t\t\t<\/div>\n\t\t\t\t<\/div>\n\t\t\t\t\t<\/div>\n\t\t\t\t<\/div>\n\t\t<div class=\"elementor-element elementor-element-6168f4a e-flex e-con-boxed e-con e-parent\" data-id=\"6168f4a\" data-element_type=\"container\" data-settings=\"{&quot;content_width&quot;:&quot;boxed&quot;}\" data-core-v316-plus=\"true\">\n\t\t\t\t\t<div class=\"e-con-inner\">\n\t\t<div class=\"elementor-element elementor-element-ed02e9e e-con-full e-flex e-con e-child\" data-id=\"ed02e9e\" data-element_type=\"container\" data-settings=\"{&quot;content_width&quot;:&quot;full&quot;}\">\n\t\t\t\t<div class=\"elementor-element elementor-element-789a807 elementor-widget elementor-widget-text-editor\" data-id=\"789a807\" data-element_type=\"widget\" data-widget_type=\"text-editor.default\">\n\t\t\t\t<div class=\"elementor-widget-container\">\n\t\t\t\t\t\t\t<h2><strong>GRAFIKUS ALAPOK<\/strong><\/h2><p>K\u00e9sz\u00edtsd el saj\u00e1t grafik\u00e1dat! Hozz l\u00e9tre plak\u00e1tokat, ismerd meg a k\u00e9pfeldolgoz\u00e1s lehet\u0151s\u00e9geit, a k\u00e9pmanipul\u00e1ci\u00f3t, a k\u00e9pek v\u00e1g\u00e1s\u00e1t, feliratok k\u00e9sz\u00edt\u00e9s\u00e9t, grafik\u00e1k, log\u00f3k l\u00e9trehoz\u00e1s\u00e1t, testre szab\u00e1s\u00e1t!<\/p>\t\t\t\t\t\t<\/div>\n\t\t\t\t<\/div>\n\t\t\t\t<\/div>\n\t\t<div class=\"elementor-element elementor-element-da8e803 e-con-full e-flex e-con e-child\" data-id=\"da8e803\" data-element_type=\"container\" data-settings=\"{&quot;content_width&quot;:&quot;full&quot;}\">\n\t\t\t\t<div class=\"elementor-element elementor-element-3f169ec elementor-widget elementor-widget-image\" data-id=\"3f169ec\" data-element_type=\"widget\" data-widget_type=\"image.default\">\n\t\t\t\t<div class=\"elementor-widget-container\">\n\t\t\t\t\t\t\t\t\t\t\t\t\t\t\t<img decoding=\"async\" width=\"768\" height=\"1024\" src=\"https:\/\/www.likeproregio.hu\/wp-content\/uploads\/2023\/12\/Harry-Potter-768x1024.jpg\" class=\"attachment-medium_large size-medium_large wp-image-92\" alt=\"\" srcset=\"https:\/\/www.likeproregio.hu\/wp-content\/uploads\/2023\/12\/Harry-Potter-768x1024.jpg 768w, https:\/\/www.likeproregio.hu\/wp-content\/uploads\/2023\/12\/Harry-Potter-225x300.jpg 225w, https:\/\/www.likeproregio.hu\/wp-content\/uploads\/2023\/12\/Harry-Potter-1152x1536.jpg 1152w, https:\/\/www.likeproregio.hu\/wp-content\/uploads\/2023\/12\/Harry-Potter.jpg 1500w\" sizes=\"(max-width: 768px) 100vw, 768px\" \/>\t\t\t\t\t\t\t\t\t\t\t\t\t\t\t<\/div>\n\t\t\t\t<\/div>\n\t\t\t\t<\/div>\n\t\t\t\t\t<\/div>\n\t\t\t\t<\/div>\n\t\t<div class=\"elementor-element elementor-element-5f09101 e-flex e-con-boxed e-con e-parent\" data-id=\"5f09101\" data-element_type=\"container\" data-settings=\"{&quot;content_width&quot;:&quot;boxed&quot;}\" data-core-v316-plus=\"true\">\n\t\t\t\t\t<div class=\"e-con-inner\">\n\t\t<div class=\"elementor-element elementor-element-28f605b e-con-full e-flex e-con e-child\" data-id=\"28f605b\" data-element_type=\"container\" data-settings=\"{&quot;content_width&quot;:&quot;full&quot;}\">\n\t\t\t\t<div class=\"elementor-element elementor-element-23ecf47 elementor-widget elementor-widget-image\" data-id=\"23ecf47\" data-element_type=\"widget\" data-widget_type=\"image.default\">\n\t\t\t\t<div class=\"elementor-widget-container\">\n\t\t\t\t\t\t\t\t\t\t\t\t\t\t\t<img decoding=\"async\" width=\"683\" height=\"1024\" src=\"https:\/\/www.likeproregio.hu\/wp-content\/uploads\/2023\/12\/pexels-cottonbro-studio-9668880-683x1024.jpg\" class=\"attachment-large size-large wp-image-93\" alt=\"\" srcset=\"https:\/\/www.likeproregio.hu\/wp-content\/uploads\/2023\/12\/pexels-cottonbro-studio-9668880-683x1024.jpg 683w, https:\/\/www.likeproregio.hu\/wp-content\/uploads\/2023\/12\/pexels-cottonbro-studio-9668880-200x300.jpg 200w, https:\/\/www.likeproregio.hu\/wp-content\/uploads\/2023\/12\/pexels-cottonbro-studio-9668880-768x1152.jpg 768w, https:\/\/www.likeproregio.hu\/wp-content\/uploads\/2023\/12\/pexels-cottonbro-studio-9668880-1024x1536.jpg 1024w, https:\/\/www.likeproregio.hu\/wp-content\/uploads\/2023\/12\/pexels-cottonbro-studio-9668880-1365x2048.jpg 1365w, https:\/\/www.likeproregio.hu\/wp-content\/uploads\/2023\/12\/pexels-cottonbro-studio-9668880-scaled.jpg 1707w\" sizes=\"(max-width: 683px) 100vw, 683px\" \/>\t\t\t\t\t\t\t\t\t\t\t\t\t\t\t<\/div>\n\t\t\t\t<\/div>\n\t\t\t\t<\/div>\n\t\t<div class=\"elementor-element elementor-element-ce7bf18 e-con-full e-flex e-con e-child\" data-id=\"ce7bf18\" data-element_type=\"container\" data-settings=\"{&quot;content_width&quot;:&quot;full&quot;}\">\n\t\t\t\t<div class=\"elementor-element elementor-element-adc953d elementor-widget elementor-widget-text-editor\" data-id=\"adc953d\" data-element_type=\"widget\" data-widget_type=\"text-editor.default\">\n\t\t\t\t<div class=\"elementor-widget-container\">\n\t\t\t\t\t\t\t<h2><strong>ANIM\u00c1CI\u00d3 K\u00c9SZ\u00cdT\u00c9S<\/strong><\/h2><p>Hozd l\u00e9tre saj\u00e1t rekl\u00e1mgrafik\u00e1dat,<\/p><p>tanulj meg vide\u00f3t k\u00e9sz\u00edteni, szerkeszteni.<\/p><p>Saj\u00e1t\u00edts el az anim\u00e1ci\u00f3s technik\u00e1kat, az anim\u00e1ci\u00f3k funkcion\u00e1lis r\u00e9szleteinek alapjait \u00e9s \u00e1tt\u0171n\u00e9si m\u00f3dokat!<\/p>\t\t\t\t\t\t<\/div>\n\t\t\t\t<\/div>\n\t\t\t\t<\/div>\n\t\t\t\t\t<\/div>\n\t\t\t\t<\/div>\n\t\t<div class=\"elementor-element elementor-element-b69eff1 e-flex e-con-boxed e-con e-parent\" data-id=\"b69eff1\" data-element_type=\"container\" data-settings=\"{&quot;content_width&quot;:&quot;boxed&quot;}\" data-core-v316-plus=\"true\">\n\t\t\t\t\t<div class=\"e-con-inner\">\n\t\t<div class=\"elementor-element elementor-element-9e2a1ee e-con-full e-flex e-con e-child\" data-id=\"9e2a1ee\" data-element_type=\"container\" data-settings=\"{&quot;content_width&quot;:&quot;full&quot;}\">\n\t\t\t\t<div class=\"elementor-element elementor-element-fe2c4f9 elementor-widget elementor-widget-text-editor\" data-id=\"fe2c4f9\" data-element_type=\"widget\" data-widget_type=\"text-editor.default\">\n\t\t\t\t<div class=\"elementor-widget-container\">\n\t\t\t\t\t\t\t<h2><strong>HONLAP K\u00c9SZ\u00cdT\u00c9S<\/strong><\/h2><p>K\u00e9sz\u00edtsd el saj\u00e1t weboldaladat! Szeretn\u00e9l egyedi, eszt\u00e9tikus honlapon k\u00e9sz\u00edteni? Seg\u00edt\u00fcnk \u00e1lmod megval\u00f3s\u00edt\u00e1s\u00e1ban a leg\u00fajabb vizu\u00e1lis trendek szerint!<\/p>\t\t\t\t\t\t<\/div>\n\t\t\t\t<\/div>\n\t\t\t\t<\/div>\n\t\t<div class=\"elementor-element elementor-element-5989044 e-con-full e-flex e-con e-child\" data-id=\"5989044\" data-element_type=\"container\" data-settings=\"{&quot;content_width&quot;:&quot;full&quot;}\">\n\t\t\t\t<div class=\"elementor-element elementor-element-c8a5fb5 elementor-widget elementor-widget-image\" data-id=\"c8a5fb5\" data-element_type=\"widget\" data-widget_type=\"image.default\">\n\t\t\t\t<div class=\"elementor-widget-container\">\n\t\t\t\t\t\t\t\t\t\t\t\t\t\t\t<img loading=\"lazy\" decoding=\"async\" width=\"684\" height=\"1024\" src=\"https:\/\/www.likeproregio.hu\/wp-content\/uploads\/2023\/12\/website_1-684x1024.jpg\" class=\"attachment-large size-large wp-image-116\" alt=\"honlap\u00e9p\u00edt\u00e9s\" srcset=\"https:\/\/www.likeproregio.hu\/wp-content\/uploads\/2023\/12\/website_1-684x1024.jpg 684w, https:\/\/www.likeproregio.hu\/wp-content\/uploads\/2023\/12\/website_1-200x300.jpg 200w, https:\/\/www.likeproregio.hu\/wp-content\/uploads\/2023\/12\/website_1-768x1150.jpg 768w, https:\/\/www.likeproregio.hu\/wp-content\/uploads\/2023\/12\/website_1-1026x1536.jpg 1026w, https:\/\/www.likeproregio.hu\/wp-content\/uploads\/2023\/12\/website_1-1368x2048.jpg 1368w, https:\/\/www.likeproregio.hu\/wp-content\/uploads\/2023\/12\/website_1-scaled.jpg 1710w\" sizes=\"(max-width: 684px) 100vw, 684px\" \/>\t\t\t\t\t\t\t\t\t\t\t\t\t\t\t<\/div>\n\t\t\t\t<\/div>\n\t\t\t\t<\/div>\n\t\t\t\t\t<\/div>\n\t\t\t\t<\/div>\n\t\t<div class=\"elementor-element elementor-element-2943d5e e-flex e-con-boxed e-con e-parent\" data-id=\"2943d5e\" data-element_type=\"container\" data-settings=\"{&quot;content_width&quot;:&quot;boxed&quot;}\" data-core-v316-plus=\"true\">\n\t\t\t\t\t<div class=\"e-con-inner\">\n\t\t\t\t<div class=\"elementor-element elementor-element-c67c062 elementor-widget elementor-widget-button\" data-id=\"c67c062\" data-element_type=\"widget\" data-widget_type=\"button.default\">\n\t\t\t\t<div class=\"elementor-widget-container\">\n\t\t\t\t\t<div class=\"elementor-button-wrapper\">\n\t\t\t<a class=\"elementor-button elementor-button-link elementor-size-sm\" href=\"https:\/\/www.likeproregio.hu\/\">\n\t\t\t\t\t\t<span class=\"elementor-button-content-wrapper\">\n\t\t\t\t\t\t<span class=\"elementor-button-text\">Vissza<\/span>\n\t\t<\/span>\n\t\t\t\t\t<\/a>\n\t\t<\/div>\n\t\t\t\t<\/div>\n\t\t\t\t<\/div>\n\t\t\t\t\t<\/div>\n\t\t\t\t<\/div>\n\t\t\t\t\t\t\t<\/div>\n\t\t","protected":false},"excerpt":{"rendered":"<p>E-design k\u00e9pz\u00e9s Szeretn\u00e9l otthonosan mozogni az internetes vil\u00e1gban, \u00f6n\u00e1ll\u00f3an elk\u00e9sz\u00edteni \u00e9s kezelni egy weboldalt, internetes tartalmakat k\u00e9sz\u00edteni \u00e9s k\u00f6zz\u00e9tenni? J\u00f3 helyen j\u00e1rsz, n\u00e1lunk mindezt megtanulhatod otthonr\u00f3l, online oktat\u00e1sunk keret\u00e9ben. \u00a0\u00a0\u00a0\u00a0\u00a0\u00a0\u00a0\u00a0\u00a0\u00a0\u00a0\u00a0\u00a0\u00a0\u00a0\u00a0\u00a0\u00a0\u00a0\u00a0\u00a0\u00a0\u00a0\u00a0\u00a0\u00a0\u00a0\u00a0 Az \u00f3r\u00e1k \u00e9l\u0151 zoomos k\u00e9pz\u00e9sek! MIT NY\u00daJT NEKED AZ E-DESIGN K\u00c9PZ\u00c9S\u00dcNK? GRAFIKUS ALAPOK K\u00e9sz\u00edtsd el saj\u00e1t grafik\u00e1dat! Hozz l\u00e9tre plak\u00e1tokat, ismerd meg a k\u00e9pfeldolgoz\u00e1s lehet\u0151s\u00e9geit, [&hellip;]<\/p>\n","protected":false},"author":1,"featured_media":0,"parent":0,"menu_order":0,"comment_status":"closed","ping_status":"closed","template":"elementor_header_footer","meta":{"footnotes":""},"_links":{"self":[{"href":"https:\/\/www.likeproregio.hu\/index.php\/wp-json\/wp\/v2\/pages\/84"}],"collection":[{"href":"https:\/\/www.likeproregio.hu\/index.php\/wp-json\/wp\/v2\/pages"}],"about":[{"href":"https:\/\/www.likeproregio.hu\/index.php\/wp-json\/wp\/v2\/types\/page"}],"author":[{"embeddable":true,"href":"https:\/\/www.likeproregio.hu\/index.php\/wp-json\/wp\/v2\/users\/1"}],"replies":[{"embeddable":true,"href":"https:\/\/www.likeproregio.hu\/index.php\/wp-json\/wp\/v2\/comments?post=84"}],"version-history":[{"count":28,"href":"https:\/\/www.likeproregio.hu\/index.php\/wp-json\/wp\/v2\/pages\/84\/revisions"}],"predecessor-version":[{"id":248,"href":"https:\/\/www.likeproregio.hu\/index.php\/wp-json\/wp\/v2\/pages\/84\/revisions\/248"}],"wp:attachment":[{"href":"https:\/\/www.likeproregio.hu\/index.php\/wp-json\/wp\/v2\/media?parent=84"}],"curies":[{"name":"wp","href":"https:\/\/api.w.org\/{rel}","templated":true}]}}